{"id":9491,"date":"2020-07-17T09:51:54","date_gmt":"2020-07-17T09:51:54","guid":{"rendered":"https:\/\/steklarna-rogaska.si\/?post_type=product&#038;p=9491"},"modified":"2026-04-14T05:02:41","modified_gmt":"2026-04-14T05:02:41","slug":"skol-steklenica","status":"publish","type":"product","link":"https:\/\/steklarna-rogaska.si\/ru\/product\/skol-steklenica\/","title":{"rendered":"STEKLENICA ZA VODO\/VINO &#8211; SKOL &#8211; kos"},"content":{"rendered":"<p>vi\u0161ina = 265 mm \u0161irina = 178 mm te\u017ea = 1,25 kg<\/p>\n","protected":false},"excerpt":{"rendered":"<p>vi\u0161ina = 265 mm \u0161irina = 178 mm te\u017ea = 1,25 kg<\/p>\n","protected":false},"featured_media":9483,"comment_status":"open","ping_status":"closed","template":"","meta":[],"product_brand":[],"product_cat":[935,938,937,284,913,912],"product_tag":[441,439,485,442,235,464,458,484,463,467,455,478],"class_list":{"0":"post-9491","1":"product","2":"type-product","3":"status-publish","4":"has-post-thumbnail","6":"product_cat-steklenice-dekanterji-vrci-posode","7":"product_cat-steklenica-za-vino","8":"product_cat-steklenica-za-vodo","9":"product_cat-vinski-program-default-group","10":"product_cat-dekanter-za-vino","11":"product_cat-steklenice-za-vino","12":"product_tag-porocna-darila","13":"product_tag-poroka","14":"product_tag-poslovna-darila","15":"product_tag-praznicna-darila","16":"product_tag-skol","17":"product_tag-za-dekantiranje","18":"product_tag-za-mesane-pijace","19":"product_tag-za-sok","20":"product_tag-za-vino","21":"product_tag-za-vodo","22":"product_tag-za-vodo-pivo-sok-mesane-pijace","23":"product_tag-za-zgane-pijace","25":"first","26":"outofstock","27":"shipping-taxable","28":"purchasable","29":"product-type-simple"},"_links":{"self":[{"href":"https:\/\/steklarna-rogaska.si\/ru\/wp-json\/wp\/v2\/product\/9491","targetHints":{"allow":["GET"]}}],"collection":[{"href":"https:\/\/steklarna-rogaska.si\/ru\/wp-json\/wp\/v2\/product"}],"about":[{"href":"https:\/\/steklarna-rogaska.si\/ru\/wp-json\/wp\/v2\/types\/product"}],"replies":[{"embeddable":true,"href":"https:\/\/steklarna-rogaska.si\/ru\/wp-json\/wp\/v2\/comments?post=9491"}],"wp:featuredmedia":[{"embeddable":true,"href":"https:\/\/steklarna-rogaska.si\/ru\/wp-json\/wp\/v2\/media\/9483"}],"wp:attachment":[{"href":"https:\/\/steklarna-rogaska.si\/ru\/wp-json\/wp\/v2\/media?parent=9491"}],"wp:term":[{"taxonomy":"product_brand","embeddable":true,"href":"https:\/\/steklarna-rogaska.si\/ru\/wp-json\/wp\/v2\/product_brand?post=9491"},{"taxonomy":"product_cat","embeddable":true,"href":"https:\/\/steklarna-rogaska.si\/ru\/wp-json\/wp\/v2\/product_cat?post=9491"},{"taxonomy":"product_tag","embeddable":true,"href":"https:\/\/steklarna-rogaska.si\/ru\/wp-json\/wp\/v2\/product_tag?post=9491"}],"curies":[{"name":"wp","href":"https:\/\/api.w.org\/{rel}","templated":true}]}}