{"id":9301,"date":"2020-07-07T05:02:27","date_gmt":"2020-07-07T05:02:27","guid":{"rendered":"https:\/\/steklarna-rogaska.si\/?post_type=product&#038;p=9301"},"modified":"2026-04-21T05:02:21","modified_gmt":"2026-04-21T05:02:21","slug":"skol-za-vodko-set-6","status":"publish","type":"product","link":"https:\/\/steklarna-rogaska.si\/ru\/product\/skol-za-vodko-set-6\/","title":{"rendered":"KOZAREC ZA VODKO &#8211; SKOL &#8211; set 6 kos"},"content":{"rendered":"<p>vi\u0161ina = 117 mm \u0161irina = 48 mm te\u017ea = 0,4 kg<\/p>\n","protected":false},"excerpt":{"rendered":"<p>vi\u0161ina = 117 mm \u0161irina = 48 mm te\u017ea = 0,4 kg<\/p>\n","protected":false},"featured_media":9248,"comment_status":"open","ping_status":"open","template":"","meta":[],"product_brand":[],"product_cat":[196,904,924,927],"product_tag":[235,783,478],"class_list":{"0":"post-9301","1":"product","2":"type-product","3":"status-publish","4":"has-post-thumbnail","6":"product_cat-barski-program","7":"product_cat-kozarci-za-zganje","8":"product_cat-kozarci-2","9":"product_cat-kozarci-za-zganje-2","10":"product_tag-skol","11":"product_tag-za-vodko","12":"product_tag-za-zgane-pijace","14":"first","15":"outofstock","16":"shipping-taxable","17":"purchasable","18":"product-type-simple"},"_links":{"self":[{"href":"https:\/\/steklarna-rogaska.si\/ru\/wp-json\/wp\/v2\/product\/9301","targetHints":{"allow":["GET"]}}],"collection":[{"href":"https:\/\/steklarna-rogaska.si\/ru\/wp-json\/wp\/v2\/product"}],"about":[{"href":"https:\/\/steklarna-rogaska.si\/ru\/wp-json\/wp\/v2\/types\/product"}],"replies":[{"embeddable":true,"href":"https:\/\/steklarna-rogaska.si\/ru\/wp-json\/wp\/v2\/comments?post=9301"}],"wp:featuredmedia":[{"embeddable":true,"href":"https:\/\/steklarna-rogaska.si\/ru\/wp-json\/wp\/v2\/media\/9248"}],"wp:attachment":[{"href":"https:\/\/steklarna-rogaska.si\/ru\/wp-json\/wp\/v2\/media?parent=9301"}],"wp:term":[{"taxonomy":"product_brand","embeddable":true,"href":"https:\/\/steklarna-rogaska.si\/ru\/wp-json\/wp\/v2\/product_brand?post=9301"},{"taxonomy":"product_cat","embeddable":true,"href":"https:\/\/steklarna-rogaska.si\/ru\/wp-json\/wp\/v2\/product_cat?post=9301"},{"taxonomy":"product_tag","embeddable":true,"href":"https:\/\/steklarna-rogaska.si\/ru\/wp-json\/wp\/v2\/product_tag?post=9301"}],"curies":[{"name":"wp","href":"https:\/\/api.w.org\/{rel}","templated":true}]}}