{"id":9299,"date":"2020-07-07T05:02:27","date_gmt":"2020-07-07T05:02:27","guid":{"rendered":"https:\/\/steklarna-rogaska.si\/?post_type=product&#038;p=9299"},"modified":"2026-04-21T05:02:23","modified_gmt":"2026-04-21T05:02:23","slug":"skol-kelih-za-martini-set-6","status":"publish","type":"product","link":"https:\/\/steklarna-rogaska.si\/ru\/product\/skol-kelih-za-martini-set-6\/","title":{"rendered":"KOZAREC ZA MARTINI &#8211; SKOL &#8211; set 6 kos"},"content":{"rendered":"<p>vi\u0161ina = 160 mm \u0161irina = 125 mm te\u017ea = 0,2 kg<\/p>\n","protected":false},"excerpt":{"rendered":"<p>vi\u0161ina = 160 mm \u0161irina = 125 mm te\u017ea = 0,2 kg<\/p>\n","protected":false},"featured_media":9245,"comment_status":"open","ping_status":"open","template":"","meta":[],"product_brand":[],"product_cat":[196,990,924,930],"product_tag":[235,476,458,478],"class_list":{"0":"post-9299","1":"product","2":"type-product","3":"status-publish","4":"has-post-thumbnail","6":"product_cat-barski-program","7":"product_cat-kozarci-za-martini-2","8":"product_cat-kozarci-2","9":"product_cat-kozarci-za-martini","10":"product_tag-skol","11":"product_tag-za-martini","12":"product_tag-za-mesane-pijace","13":"product_tag-za-zgane-pijace","15":"first","16":"outofstock","17":"shipping-taxable","18":"purchasable","19":"product-type-simple"},"_links":{"self":[{"href":"https:\/\/steklarna-rogaska.si\/ru\/wp-json\/wp\/v2\/product\/9299","targetHints":{"allow":["GET"]}}],"collection":[{"href":"https:\/\/steklarna-rogaska.si\/ru\/wp-json\/wp\/v2\/product"}],"about":[{"href":"https:\/\/steklarna-rogaska.si\/ru\/wp-json\/wp\/v2\/types\/product"}],"replies":[{"embeddable":true,"href":"https:\/\/steklarna-rogaska.si\/ru\/wp-json\/wp\/v2\/comments?post=9299"}],"wp:featuredmedia":[{"embeddable":true,"href":"https:\/\/steklarna-rogaska.si\/ru\/wp-json\/wp\/v2\/media\/9245"}],"wp:attachment":[{"href":"https:\/\/steklarna-rogaska.si\/ru\/wp-json\/wp\/v2\/media?parent=9299"}],"wp:term":[{"taxonomy":"product_brand","embeddable":true,"href":"https:\/\/steklarna-rogaska.si\/ru\/wp-json\/wp\/v2\/product_brand?post=9299"},{"taxonomy":"product_cat","embeddable":true,"href":"https:\/\/steklarna-rogaska.si\/ru\/wp-json\/wp\/v2\/product_cat?post=9299"},{"taxonomy":"product_tag","embeddable":true,"href":"https:\/\/steklarna-rogaska.si\/ru\/wp-json\/wp\/v2\/product_tag?post=9299"}],"curies":[{"name":"wp","href":"https:\/\/api.w.org\/{rel}","templated":true}]}}