{"id":9298,"date":"2020-07-03T08:17:10","date_gmt":"2020-07-03T08:17:10","guid":{"rendered":"https:\/\/steklarna-rogaska.si\/?post_type=product&#038;p=9298"},"modified":"2026-04-14T05:02:39","modified_gmt":"2026-04-14T05:02:39","slug":"skol-kelih-za-pivo-sok-set-6","status":"publish","type":"product","link":"https:\/\/steklarna-rogaska.si\/ru\/product\/skol-kelih-za-pivo-sok-set-6\/","title":{"rendered":"HIGHBALL KOZAREC ZA SOK, PIVO, KOKTEJL &#8211; SKOL &#8211; set 6 kos"},"content":{"rendered":"<p style=\"text-align: center;\">vi\u0161ina = 165 mm \u0161irina = 89 mm te\u017ea = 0,4 kg<\/p>\n","protected":false},"excerpt":{"rendered":"<p>vi\u0161ina = 165 mm \u0161irina = 89 mm te\u017ea = 0,4 kg<\/p>\n","protected":false},"featured_media":9239,"comment_status":"open","ping_status":"open","template":"","meta":[],"product_brand":[],"product_cat":[196,924,934,932,933],"product_tag":[235,458,484,467,455],"class_list":{"0":"post-9298","1":"product","2":"type-product","3":"status-publish","4":"has-post-thumbnail","6":"product_cat-barski-program","7":"product_cat-kozarci-2","8":"product_cat-kozarci-za-pivo","9":"product_cat-kozarci-za-sok","10":"product_cat-kozarci-za-vodo-2","11":"product_tag-skol","12":"product_tag-za-mesane-pijace","13":"product_tag-za-sok","14":"product_tag-za-vodo","15":"product_tag-za-vodo-pivo-sok-mesane-pijace","17":"first","18":"instock","19":"shipping-taxable","20":"purchasable","21":"product-type-simple"},"_links":{"self":[{"href":"https:\/\/steklarna-rogaska.si\/ru\/wp-json\/wp\/v2\/product\/9298","targetHints":{"allow":["GET"]}}],"collection":[{"href":"https:\/\/steklarna-rogaska.si\/ru\/wp-json\/wp\/v2\/product"}],"about":[{"href":"https:\/\/steklarna-rogaska.si\/ru\/wp-json\/wp\/v2\/types\/product"}],"replies":[{"embeddable":true,"href":"https:\/\/steklarna-rogaska.si\/ru\/wp-json\/wp\/v2\/comments?post=9298"}],"wp:featuredmedia":[{"embeddable":true,"href":"https:\/\/steklarna-rogaska.si\/ru\/wp-json\/wp\/v2\/media\/9239"}],"wp:attachment":[{"href":"https:\/\/steklarna-rogaska.si\/ru\/wp-json\/wp\/v2\/media?parent=9298"}],"wp:term":[{"taxonomy":"product_brand","embeddable":true,"href":"https:\/\/steklarna-rogaska.si\/ru\/wp-json\/wp\/v2\/product_brand?post=9298"},{"taxonomy":"product_cat","embeddable":true,"href":"https:\/\/steklarna-rogaska.si\/ru\/wp-json\/wp\/v2\/product_cat?post=9298"},{"taxonomy":"product_tag","embeddable":true,"href":"https:\/\/steklarna-rogaska.si\/ru\/wp-json\/wp\/v2\/product_tag?post=9298"}],"curies":[{"name":"wp","href":"https:\/\/api.w.org\/{rel}","templated":true}]}}