{"id":9296,"date":"2020-07-07T05:03:08","date_gmt":"2020-07-07T05:03:08","guid":{"rendered":"https:\/\/steklarna-rogaska.si\/?post_type=product&#038;p=9296"},"modified":"2026-04-14T05:23:27","modified_gmt":"2026-04-14T05:23:27","slug":"pulse-kozarec-za-vodo-sok-set-2","status":"publish","type":"product","link":"https:\/\/steklarna-rogaska.si\/ru\/product\/pulse-kozarec-za-vodo-sok-set-2\/","title":{"rendered":"HIGHBALL KOZAREC ZA SOK, PIVO, KOKTEJL &#8211; PULSE &#8211; set 2 kos"},"content":{"rendered":"<p>vi\u0161ina = 136 mm \u0161irina = 72 mm te\u017ea = 0.5 kg<\/p>\n","protected":false},"excerpt":{"rendered":"<p>Tradicionalni brus je interpretiran na zelo sodoben na\u010din in ustvarja igriv ter zanimiv vzorec.<\/p>\n","protected":false},"featured_media":9251,"comment_status":"open","ping_status":"open","template":"","meta":[],"product_brand":[],"product_cat":[284,446],"product_tag":[786,457,484,467,455],"class_list":{"0":"post-9296","1":"product","2":"type-product","3":"status-publish","4":"has-post-thumbnail","6":"product_cat-vinski-program-default-group","7":"product_cat-kozarci-za-vodo","8":"product_tag-pulse","9":"product_tag-za-ledeni-caj","10":"product_tag-za-sok","11":"product_tag-za-vodo","12":"product_tag-za-vodo-pivo-sok-mesane-pijace","14":"first","15":"outofstock","16":"shipping-taxable","17":"purchasable","18":"product-type-simple"},"_links":{"self":[{"href":"https:\/\/steklarna-rogaska.si\/ru\/wp-json\/wp\/v2\/product\/9296","targetHints":{"allow":["GET"]}}],"collection":[{"href":"https:\/\/steklarna-rogaska.si\/ru\/wp-json\/wp\/v2\/product"}],"about":[{"href":"https:\/\/steklarna-rogaska.si\/ru\/wp-json\/wp\/v2\/types\/product"}],"replies":[{"embeddable":true,"href":"https:\/\/steklarna-rogaska.si\/ru\/wp-json\/wp\/v2\/comments?post=9296"}],"wp:featuredmedia":[{"embeddable":true,"href":"https:\/\/steklarna-rogaska.si\/ru\/wp-json\/wp\/v2\/media\/9251"}],"wp:attachment":[{"href":"https:\/\/steklarna-rogaska.si\/ru\/wp-json\/wp\/v2\/media?parent=9296"}],"wp:term":[{"taxonomy":"product_brand","embeddable":true,"href":"https:\/\/steklarna-rogaska.si\/ru\/wp-json\/wp\/v2\/product_brand?post=9296"},{"taxonomy":"product_cat","embeddable":true,"href":"https:\/\/steklarna-rogaska.si\/ru\/wp-json\/wp\/v2\/product_cat?post=9296"},{"taxonomy":"product_tag","embeddable":true,"href":"https:\/\/steklarna-rogaska.si\/ru\/wp-json\/wp\/v2\/product_tag?post=9296"}],"curies":[{"name":"wp","href":"https:\/\/api.w.org\/{rel}","templated":true}]}}