{"id":9222,"date":"2020-07-01T12:35:24","date_gmt":"2020-07-01T12:35:24","guid":{"rendered":"https:\/\/steklarna-rogaska.si\/?post_type=product&#038;p=9222"},"modified":"2026-04-14T05:02:39","modified_gmt":"2026-04-14T05:02:39","slug":"skol-dof-set-6","status":"publish","type":"product","link":"https:\/\/steklarna-rogaska.si\/ru\/product\/skol-dof-set-6\/","title":{"rendered":"KOZAREC ZA VODO, SADNO KUPO &#8211; SKOL &#8211; set 6 kos"},"content":{"rendered":"<p>vi\u0161ina= 117 mm<\/p>\n<p>\u0161irina= 103 mm<\/p>\n<p>te\u017ea= 0,3 kg<\/p>\n","protected":false},"excerpt":{"rendered":"<p>vi\u0161ina= 117 mm \u0161irina= 103 mm te\u017ea= 0,3 kg<\/p>\n","protected":false},"featured_media":9242,"comment_status":"open","ping_status":"open","template":"","meta":[],"product_brand":[],"product_cat":[196,924,932,933,956,959,284,446],"product_tag":[779,777,235,778],"class_list":{"0":"post-9222","1":"product","2":"type-product","3":"status-publish","4":"has-post-thumbnail","6":"product_cat-barski-program","7":"product_cat-kozarci-2","8":"product_cat-kozarci-za-sok","9":"product_cat-kozarci-za-vodo-2","10":"product_cat-skodelice-za-caj-kavo-sladoled","11":"product_cat-skodelica-za-sladoled","12":"product_cat-vinski-program-default-group","13":"product_cat-kozarci-za-vodo","14":"product_tag-kozarci-za-vodo","15":"product_tag-sadna-kupa","16":"product_tag-skol","17":"product_tag-vinski-program","19":"first","20":"outofstock","21":"shipping-taxable","22":"purchasable","23":"product-type-simple"},"_links":{"self":[{"href":"https:\/\/steklarna-rogaska.si\/ru\/wp-json\/wp\/v2\/product\/9222","targetHints":{"allow":["GET"]}}],"collection":[{"href":"https:\/\/steklarna-rogaska.si\/ru\/wp-json\/wp\/v2\/product"}],"about":[{"href":"https:\/\/steklarna-rogaska.si\/ru\/wp-json\/wp\/v2\/types\/product"}],"replies":[{"embeddable":true,"href":"https:\/\/steklarna-rogaska.si\/ru\/wp-json\/wp\/v2\/comments?post=9222"}],"wp:featuredmedia":[{"embeddable":true,"href":"https:\/\/steklarna-rogaska.si\/ru\/wp-json\/wp\/v2\/media\/9242"}],"wp:attachment":[{"href":"https:\/\/steklarna-rogaska.si\/ru\/wp-json\/wp\/v2\/media?parent=9222"}],"wp:term":[{"taxonomy":"product_brand","embeddable":true,"href":"https:\/\/steklarna-rogaska.si\/ru\/wp-json\/wp\/v2\/product_brand?post=9222"},{"taxonomy":"product_cat","embeddable":true,"href":"https:\/\/steklarna-rogaska.si\/ru\/wp-json\/wp\/v2\/product_cat?post=9222"},{"taxonomy":"product_tag","embeddable":true,"href":"https:\/\/steklarna-rogaska.si\/ru\/wp-json\/wp\/v2\/product_tag?post=9222"}],"curies":[{"name":"wp","href":"https:\/\/api.w.org\/{rel}","templated":true}]}}