{"id":7519,"date":"2020-05-18T07:27:51","date_gmt":"2020-05-18T07:27:51","guid":{"rendered":"https:\/\/steklarna-rogaska.si\/?post_type=product&#038;p=7519"},"modified":"2026-04-14T05:13:09","modified_gmt":"2026-04-14T05:13:09","slug":"spring-skleda-25-cm","status":"publish","type":"product","link":"https:\/\/steklarna-rogaska.si\/ru\/product\/spring-skleda-25-cm\/","title":{"rendered":"SKLEDA 25 CM &#8211; SPRING &#8211; kos"},"content":{"rendered":"<p>vi\u0161ina = 189 mm<br \/>\n\u0161irina = 250 mm<br \/>\nte\u017ea = 1,2 kg<\/p>\n","protected":false},"excerpt":{"rendered":"<p>vi\u0161ina = 189 mm \u0161irina = 250 mm te\u017ea = 1,2 kg<\/p>\n","protected":false},"featured_media":7471,"comment_status":"open","ping_status":"closed","template":"","meta":[],"product_brand":[],"product_cat":[916,921,920,919,946,947],"product_tag":[1004,532,497],"class_list":{"0":"post-7519","1":"product","2":"type-product","3":"status-publish","4":"has-post-thumbnail","6":"product_cat-darilni-program-2","7":"product_cat-darila-zanjo","8":"product_cat-porocna-darila","9":"product_cat-poslovna-darila","10":"product_cat-sklede-2","11":"product_cat-sklede-za-sadje-2","12":"product_tag-skleda-za-sadje","13":"product_tag-spring","14":"product_tag-za-sadje","16":"first","17":"instock","18":"shipping-taxable","19":"purchasable","20":"product-type-simple"},"_links":{"self":[{"href":"https:\/\/steklarna-rogaska.si\/ru\/wp-json\/wp\/v2\/product\/7519","targetHints":{"allow":["GET"]}}],"collection":[{"href":"https:\/\/steklarna-rogaska.si\/ru\/wp-json\/wp\/v2\/product"}],"about":[{"href":"https:\/\/steklarna-rogaska.si\/ru\/wp-json\/wp\/v2\/types\/product"}],"replies":[{"embeddable":true,"href":"https:\/\/steklarna-rogaska.si\/ru\/wp-json\/wp\/v2\/comments?post=7519"}],"wp:featuredmedia":[{"embeddable":true,"href":"https:\/\/steklarna-rogaska.si\/ru\/wp-json\/wp\/v2\/media\/7471"}],"wp:attachment":[{"href":"https:\/\/steklarna-rogaska.si\/ru\/wp-json\/wp\/v2\/media?parent=7519"}],"wp:term":[{"taxonomy":"product_brand","embeddable":true,"href":"https:\/\/steklarna-rogaska.si\/ru\/wp-json\/wp\/v2\/product_brand?post=7519"},{"taxonomy":"product_cat","embeddable":true,"href":"https:\/\/steklarna-rogaska.si\/ru\/wp-json\/wp\/v2\/product_cat?post=7519"},{"taxonomy":"product_tag","embeddable":true,"href":"https:\/\/steklarna-rogaska.si\/ru\/wp-json\/wp\/v2\/product_tag?post=7519"}],"curies":[{"name":"wp","href":"https:\/\/api.w.org\/{rel}","templated":true}]}}