{"id":7513,"date":"2020-05-18T07:27:51","date_gmt":"2020-05-18T07:27:51","guid":{"rendered":"https:\/\/steklarna-rogaska.si\/?post_type=product&#038;p=7513"},"modified":"2026-04-14T10:41:12","modified_gmt":"2026-04-14T10:41:12","slug":"sophia-kelih-za-belo-vino-set-2","status":"publish","type":"product","link":"https:\/\/steklarna-rogaska.si\/ru\/product\/sophia-kelih-za-belo-vino-set-2\/","title":{"rendered":"KOZAREC ZA BELO VINO &#8211; SOFIA &#8211; set 2 kos"},"content":{"rendered":"<p>vi\u0161ina = 240 mm<br \/>\n\u0161irina = 78 mm<br \/>\nte\u017ea = 0,2 kg<\/p>\n","protected":false},"excerpt":{"rendered":"<p>vi\u0161ina = 240 mm \u0161irina = 78 mm te\u017ea = 0,2 kg<\/p>\n","protected":false},"featured_media":7469,"comment_status":"open","ping_status":"closed","template":"","meta":[],"product_brand":[],"product_cat":[924,925,284,910],"product_tag":[977,972,973,531,971,976,461],"class_list":{"0":"post-7513","1":"product","2":"type-product","3":"status-publish","4":"has-post-thumbnail","6":"product_cat-kozarci-2","7":"product_cat-kozarci-za-vino-2","8":"product_cat-vinski-program-default-group","9":"product_cat-kozarci-za-vino","10":"product_tag-kelih-rogaska","11":"product_tag-kelih-za-vino","12":"product_tag-kozarec-za-vino","13":"product_tag-sophia","14":"product_tag-vinski-kelih","15":"product_tag-vinski-kozarec","16":"product_tag-za-belo-vino","18":"first","19":"instock","20":"shipping-taxable","21":"purchasable","22":"product-type-simple"},"_links":{"self":[{"href":"https:\/\/steklarna-rogaska.si\/ru\/wp-json\/wp\/v2\/product\/7513","targetHints":{"allow":["GET"]}}],"collection":[{"href":"https:\/\/steklarna-rogaska.si\/ru\/wp-json\/wp\/v2\/product"}],"about":[{"href":"https:\/\/steklarna-rogaska.si\/ru\/wp-json\/wp\/v2\/types\/product"}],"replies":[{"embeddable":true,"href":"https:\/\/steklarna-rogaska.si\/ru\/wp-json\/wp\/v2\/comments?post=7513"}],"wp:featuredmedia":[{"embeddable":true,"href":"https:\/\/steklarna-rogaska.si\/ru\/wp-json\/wp\/v2\/media\/7469"}],"wp:attachment":[{"href":"https:\/\/steklarna-rogaska.si\/ru\/wp-json\/wp\/v2\/media?parent=7513"}],"wp:term":[{"taxonomy":"product_brand","embeddable":true,"href":"https:\/\/steklarna-rogaska.si\/ru\/wp-json\/wp\/v2\/product_brand?post=7513"},{"taxonomy":"product_cat","embeddable":true,"href":"https:\/\/steklarna-rogaska.si\/ru\/wp-json\/wp\/v2\/product_cat?post=7513"},{"taxonomy":"product_tag","embeddable":true,"href":"https:\/\/steklarna-rogaska.si\/ru\/wp-json\/wp\/v2\/product_tag?post=7513"}],"curies":[{"name":"wp","href":"https:\/\/api.w.org\/{rel}","templated":true}]}}