{"id":7479,"date":"2020-05-18T07:27:51","date_gmt":"2020-05-18T07:27:51","guid":{"rendered":"https:\/\/steklarna-rogaska.si\/?post_type=product&#038;p=7479"},"modified":"2026-04-14T05:02:32","modified_gmt":"2026-04-14T05:02:32","slug":"remembrance-kozarec-za-penino-set-2","status":"publish","type":"product","link":"https:\/\/steklarna-rogaska.si\/ru\/product\/remembrance-kozarec-za-penino-set-2\/","title":{"rendered":"KOZAREC ZA PENINO &#8211; REMEMBRANCE &#8211; set 2 kos"},"content":{"rendered":"<p>vi\u0161ina = 280 mm<br \/>\n\u0161irina = 50 mm<br \/>\nte\u017ea = 0,08 kg<\/p>\n","protected":false},"excerpt":{"rendered":"<p>vi\u0161ina = 280 mm \u0161irina = 50 mm te\u017ea = 0,08 kg<\/p>\n","protected":false},"featured_media":7463,"comment_status":"open","ping_status":"closed","template":"","meta":[],"product_brand":[],"product_cat":[920,924,926,284,911],"product_tag":[977,972,973,441,439,530,971,976],"class_list":{"0":"post-7479","1":"product","2":"type-product","3":"status-publish","4":"has-post-thumbnail","6":"product_cat-porocna-darila","7":"product_cat-kozarci-2","8":"product_cat-kozarci-za-penino-2","9":"product_cat-vinski-program-default-group","10":"product_cat-kozarci-za-penino","11":"product_tag-kelih-rogaska","12":"product_tag-kelih-za-vino","13":"product_tag-kozarec-za-vino","14":"product_tag-porocna-darila","15":"product_tag-poroka","16":"product_tag-remembrance","17":"product_tag-vinski-kelih","18":"product_tag-vinski-kozarec","20":"first","21":"instock","22":"shipping-taxable","23":"purchasable","24":"product-type-simple"},"_links":{"self":[{"href":"https:\/\/steklarna-rogaska.si\/ru\/wp-json\/wp\/v2\/product\/7479","targetHints":{"allow":["GET"]}}],"collection":[{"href":"https:\/\/steklarna-rogaska.si\/ru\/wp-json\/wp\/v2\/product"}],"about":[{"href":"https:\/\/steklarna-rogaska.si\/ru\/wp-json\/wp\/v2\/types\/product"}],"replies":[{"embeddable":true,"href":"https:\/\/steklarna-rogaska.si\/ru\/wp-json\/wp\/v2\/comments?post=7479"}],"wp:featuredmedia":[{"embeddable":true,"href":"https:\/\/steklarna-rogaska.si\/ru\/wp-json\/wp\/v2\/media\/7463"}],"wp:attachment":[{"href":"https:\/\/steklarna-rogaska.si\/ru\/wp-json\/wp\/v2\/media?parent=7479"}],"wp:term":[{"taxonomy":"product_brand","embeddable":true,"href":"https:\/\/steklarna-rogaska.si\/ru\/wp-json\/wp\/v2\/product_brand?post=7479"},{"taxonomy":"product_cat","embeddable":true,"href":"https:\/\/steklarna-rogaska.si\/ru\/wp-json\/wp\/v2\/product_cat?post=7479"},{"taxonomy":"product_tag","embeddable":true,"href":"https:\/\/steklarna-rogaska.si\/ru\/wp-json\/wp\/v2\/product_tag?post=7479"}],"curies":[{"name":"wp","href":"https:\/\/api.w.org\/{rel}","templated":true}]}}