{"id":7430,"date":"2020-05-18T07:30:20","date_gmt":"2020-05-18T07:30:20","guid":{"rendered":"https:\/\/steklarna-rogaska.si\/?post_type=product&#038;p=7430"},"modified":"2026-04-14T05:13:37","modified_gmt":"2026-04-14T05:13:37","slug":"90-degrees-posoda-za-led","status":"publish","type":"product","link":"https:\/\/steklarna-rogaska.si\/ru\/product\/90-degrees-posoda-za-led\/","title":{"rendered":"POSODA ZA LED &#8211; 90 DEGREES &#8211; kos"},"content":{"rendered":"<p>vi\u0161ina = 155 mm<br \/>\n\u0161irina = 157 mm<br \/>\nte\u017ea = 2,1 kg<\/p>\n","protected":false},"excerpt":{"rendered":"<p>Z ekskluzivno serijo 90 Degrees smo se v Steklarni Roga\u0161ka \u017eeleli malce pohvaliti \u2013 zahtevna ro\u010dna izdelava izkazuje na\u0161e odli\u010dno tehni\u010dno znanje, vrhunsko oblikovanje pa presega obi\u010dajne okvire.<\/p>\n","protected":false},"featured_media":4776,"comment_status":"open","ping_status":"open","template":"","meta":[],"product_brand":[],"product_cat":[196,444],"product_tag":[327,459,475],"class_list":{"0":"post-7430","1":"product","2":"type-product","3":"status-publish","4":"has-post-thumbnail","6":"product_cat-barski-program","7":"product_cat-posoda-za-hlajenje","8":"product_tag-90-degrees","9":"product_tag-za-hlajenje-pijace","10":"product_tag-za-led","12":"first","13":"instock","14":"shipping-taxable","15":"purchasable","16":"product-type-simple"},"_links":{"self":[{"href":"https:\/\/steklarna-rogaska.si\/ru\/wp-json\/wp\/v2\/product\/7430","targetHints":{"allow":["GET"]}}],"collection":[{"href":"https:\/\/steklarna-rogaska.si\/ru\/wp-json\/wp\/v2\/product"}],"about":[{"href":"https:\/\/steklarna-rogaska.si\/ru\/wp-json\/wp\/v2\/types\/product"}],"replies":[{"embeddable":true,"href":"https:\/\/steklarna-rogaska.si\/ru\/wp-json\/wp\/v2\/comments?post=7430"}],"wp:featuredmedia":[{"embeddable":true,"href":"https:\/\/steklarna-rogaska.si\/ru\/wp-json\/wp\/v2\/media\/4776"}],"wp:attachment":[{"href":"https:\/\/steklarna-rogaska.si\/ru\/wp-json\/wp\/v2\/media?parent=7430"}],"wp:term":[{"taxonomy":"product_brand","embeddable":true,"href":"https:\/\/steklarna-rogaska.si\/ru\/wp-json\/wp\/v2\/product_brand?post=7430"},{"taxonomy":"product_cat","embeddable":true,"href":"https:\/\/steklarna-rogaska.si\/ru\/wp-json\/wp\/v2\/product_cat?post=7430"},{"taxonomy":"product_tag","embeddable":true,"href":"https:\/\/steklarna-rogaska.si\/ru\/wp-json\/wp\/v2\/product_tag?post=7430"}],"curies":[{"name":"wp","href":"https:\/\/api.w.org\/{rel}","templated":true}]}}