{"id":7428,"date":"2025-05-07T07:30:21","date_gmt":"2025-05-07T07:30:21","guid":{"rendered":"https:\/\/steklarna-rogaska.si\/?post_type=product&#038;p=7428"},"modified":"2026-04-14T05:13:21","modified_gmt":"2026-04-14T05:13:21","slug":"90-degrees-dof-set-2-2","status":"publish","type":"product","link":"https:\/\/steklarna-rogaska.si\/ru\/product\/90-degrees-dof-set-2-2\/","title":{"rendered":"DOF KOZAREC ZA VISKI &#8211; 90 DEGREES &#8211; set 2 kos"},"content":{"rendered":"<p>vi\u0161ina = 90 mm<br \/>\n\u0161irina = 90 mm<br \/>\nte\u017ea = 0,5 kg<\/p>\n","protected":false},"excerpt":{"rendered":"<p>Z ekskluzivno serijo 90 Degrees smo se v Steklarni Roga\u0161ka \u017eeleli malce pohvaliti \u2013 zahtevna ro\u010dna izdelava izkazuje na\u0161e odli\u010dno tehni\u010dno znanje, vrhunsko oblikovanje pa presega obi\u010dajne okvire.<\/p>\n","protected":false},"featured_media":4768,"comment_status":"open","ping_status":"closed","template":"","meta":[],"product_brand":[],"product_cat":[196,905,924,928],"product_tag":[327,528,485,529,478],"class_list":{"0":"post-7428","1":"product","2":"type-product","3":"status-publish","4":"has-post-thumbnail","6":"product_cat-barski-program","7":"product_cat-kozarci-za-viski","8":"product_cat-kozarci-2","9":"product_cat-kozarci-za-viski-2","10":"product_tag-90-degrees","11":"product_tag-darilo-zanj","12":"product_tag-poslovna-darila","13":"product_tag-za-viski","14":"product_tag-za-zgane-pijace","16":"first","17":"instock","18":"shipping-taxable","19":"purchasable","20":"product-type-simple"},"_links":{"self":[{"href":"https:\/\/steklarna-rogaska.si\/ru\/wp-json\/wp\/v2\/product\/7428","targetHints":{"allow":["GET"]}}],"collection":[{"href":"https:\/\/steklarna-rogaska.si\/ru\/wp-json\/wp\/v2\/product"}],"about":[{"href":"https:\/\/steklarna-rogaska.si\/ru\/wp-json\/wp\/v2\/types\/product"}],"replies":[{"embeddable":true,"href":"https:\/\/steklarna-rogaska.si\/ru\/wp-json\/wp\/v2\/comments?post=7428"}],"wp:featuredmedia":[{"embeddable":true,"href":"https:\/\/steklarna-rogaska.si\/ru\/wp-json\/wp\/v2\/media\/4768"}],"wp:attachment":[{"href":"https:\/\/steklarna-rogaska.si\/ru\/wp-json\/wp\/v2\/media?parent=7428"}],"wp:term":[{"taxonomy":"product_brand","embeddable":true,"href":"https:\/\/steklarna-rogaska.si\/ru\/wp-json\/wp\/v2\/product_brand?post=7428"},{"taxonomy":"product_cat","embeddable":true,"href":"https:\/\/steklarna-rogaska.si\/ru\/wp-json\/wp\/v2\/product_cat?post=7428"},{"taxonomy":"product_tag","embeddable":true,"href":"https:\/\/steklarna-rogaska.si\/ru\/wp-json\/wp\/v2\/product_tag?post=7428"}],"curies":[{"name":"wp","href":"https:\/\/api.w.org\/{rel}","templated":true}]}}