{"id":7426,"date":"2020-05-18T07:30:21","date_gmt":"2020-05-18T07:30:21","guid":{"rendered":"https:\/\/steklarna-rogaska.si\/?post_type=product&#038;p=7426"},"modified":"2026-04-14T05:13:33","modified_gmt":"2026-04-14T05:13:33","slug":"your-excellency-okrogla-skleda","status":"publish","type":"product","link":"https:\/\/steklarna-rogaska.si\/ru\/product\/your-excellency-okrogla-skleda\/","title":{"rendered":"SKLEDA OKROGLA S PODSTAVKOM &#8211; YOUR EXCELLENCY &#8211; kos"},"content":{"rendered":"<p>vi\u0161ina = 329 mm<br \/>\n\u0161irina = 250 mm<br \/>\nte\u017ea = 7,8 kg<\/p>\n","protected":false},"excerpt":{"rendered":"<p>vi\u0161ina = 329 mm \u0161irina = 250 mm te\u017ea = 7,8 kg<\/p>\n","protected":false},"featured_media":4247,"comment_status":"open","ping_status":"open","template":"","meta":[],"product_brand":[],"product_cat":[916,919,918,946,947],"product_tag":[441,439,527],"class_list":{"0":"post-7426","1":"product","2":"type-product","3":"status-publish","4":"has-post-thumbnail","6":"product_cat-darilni-program-2","7":"product_cat-poslovna-darila","8":"product_cat-vecna-klasika-2","9":"product_cat-sklede-2","10":"product_cat-sklede-za-sadje-2","11":"product_tag-porocna-darila","12":"product_tag-poroka","13":"product_tag-your-excellency","15":"first","16":"outofstock","17":"shipping-taxable","18":"purchasable","19":"product-type-simple"},"_links":{"self":[{"href":"https:\/\/steklarna-rogaska.si\/ru\/wp-json\/wp\/v2\/product\/7426","targetHints":{"allow":["GET"]}}],"collection":[{"href":"https:\/\/steklarna-rogaska.si\/ru\/wp-json\/wp\/v2\/product"}],"about":[{"href":"https:\/\/steklarna-rogaska.si\/ru\/wp-json\/wp\/v2\/types\/product"}],"replies":[{"embeddable":true,"href":"https:\/\/steklarna-rogaska.si\/ru\/wp-json\/wp\/v2\/comments?post=7426"}],"wp:featuredmedia":[{"embeddable":true,"href":"https:\/\/steklarna-rogaska.si\/ru\/wp-json\/wp\/v2\/media\/4247"}],"wp:attachment":[{"href":"https:\/\/steklarna-rogaska.si\/ru\/wp-json\/wp\/v2\/media?parent=7426"}],"wp:term":[{"taxonomy":"product_brand","embeddable":true,"href":"https:\/\/steklarna-rogaska.si\/ru\/wp-json\/wp\/v2\/product_brand?post=7426"},{"taxonomy":"product_cat","embeddable":true,"href":"https:\/\/steklarna-rogaska.si\/ru\/wp-json\/wp\/v2\/product_cat?post=7426"},{"taxonomy":"product_tag","embeddable":true,"href":"https:\/\/steklarna-rogaska.si\/ru\/wp-json\/wp\/v2\/product_tag?post=7426"}],"curies":[{"name":"wp","href":"https:\/\/api.w.org\/{rel}","templated":true}]}}