{"id":7363,"date":"2020-05-13T07:51:21","date_gmt":"2020-05-13T07:51:21","guid":{"rendered":"https:\/\/steklarna-rogaska.si\/?post_type=product&#038;p=7363"},"modified":"2026-04-14T05:13:23","modified_gmt":"2026-04-14T05:13:23","slug":"stone-kozarec-za-belo-vino-set-2","status":"publish","type":"product","link":"https:\/\/steklarna-rogaska.si\/ru\/product\/stone-kozarec-za-belo-vino-set-2\/","title":{"rendered":"KOZAREC ZA BELO VINO &#8211; STONE &#8211; set 2 kos"},"content":{"rendered":"<p>vi\u0161ina = 201 mm<br \/>\n\u0161irina = 91 mm<br \/>\nvol.-370 ml<br \/>\nte\u017ea = 0,1 kg<\/p>\n","protected":false},"excerpt":{"rendered":"<p>Privo\u0161\u010dite si kolekcijo Stone &#8211; elegantno oblikovane \u010da\u0161e bodo kos vsaki prilo\u017enosti. Idealna je za nadobudne poznavalce vin in vse ljubitelje inovativnega oblikovanja!<\/p>\n<p>Kelihi so narejeni iz stekla najvi\u0161je kakovosti, ki se odseva v izjemni prosojnosti, ne\u017enem zvoku in lahkotnosti.<\/p>\n","protected":false},"featured_media":7315,"comment_status":"open","ping_status":"open","template":"","meta":[],"product_brand":[],"product_cat":[924,925,284,910],"product_tag":[977,972,973,531,523,971,976,461],"class_list":{"0":"post-7363","1":"product","2":"type-product","3":"status-publish","4":"has-post-thumbnail","6":"product_cat-kozarci-2","7":"product_cat-kozarci-za-vino-2","8":"product_cat-vinski-program-default-group","9":"product_cat-kozarci-za-vino","10":"product_tag-kelih-rogaska","11":"product_tag-kelih-za-vino","12":"product_tag-kozarec-za-vino","13":"product_tag-sophia","14":"product_tag-stone","15":"product_tag-vinski-kelih","16":"product_tag-vinski-kozarec","17":"product_tag-za-belo-vino","19":"first","20":"outofstock","21":"shipping-taxable","22":"purchasable","23":"product-type-simple"},"_links":{"self":[{"href":"https:\/\/steklarna-rogaska.si\/ru\/wp-json\/wp\/v2\/product\/7363","targetHints":{"allow":["GET"]}}],"collection":[{"href":"https:\/\/steklarna-rogaska.si\/ru\/wp-json\/wp\/v2\/product"}],"about":[{"href":"https:\/\/steklarna-rogaska.si\/ru\/wp-json\/wp\/v2\/types\/product"}],"replies":[{"embeddable":true,"href":"https:\/\/steklarna-rogaska.si\/ru\/wp-json\/wp\/v2\/comments?post=7363"}],"wp:featuredmedia":[{"embeddable":true,"href":"https:\/\/steklarna-rogaska.si\/ru\/wp-json\/wp\/v2\/media\/7315"}],"wp:attachment":[{"href":"https:\/\/steklarna-rogaska.si\/ru\/wp-json\/wp\/v2\/media?parent=7363"}],"wp:term":[{"taxonomy":"product_brand","embeddable":true,"href":"https:\/\/steklarna-rogaska.si\/ru\/wp-json\/wp\/v2\/product_brand?post=7363"},{"taxonomy":"product_cat","embeddable":true,"href":"https:\/\/steklarna-rogaska.si\/ru\/wp-json\/wp\/v2\/product_cat?post=7363"},{"taxonomy":"product_tag","embeddable":true,"href":"https:\/\/steklarna-rogaska.si\/ru\/wp-json\/wp\/v2\/product_tag?post=7363"}],"curies":[{"name":"wp","href":"https:\/\/api.w.org\/{rel}","templated":true}]}}