{"id":7327,"date":"2020-05-13T07:51:21","date_gmt":"2020-05-13T07:51:21","guid":{"rendered":"https:\/\/steklarna-rogaska.si\/?post_type=product&#038;p=7327"},"modified":"2026-04-14T05:13:23","modified_gmt":"2026-04-14T05:13:23","slug":"stone-kozarec-za-vodo-set-2","status":"publish","type":"product","link":"https:\/\/steklarna-rogaska.si\/ru\/product\/stone-kozarec-za-vodo-set-2\/","title":{"rendered":"DOF KOZAREC ZA VISKI &#8211; STONE &#8211; set 2 kos"},"content":{"rendered":"<p>vi\u0161ina = 93 mm<br \/>\n\u0161irina = 91 mm<br \/>\nvol.-370 ml<br \/>\nte\u017ea = 0,2 kg<\/p>\n","protected":false},"excerpt":{"rendered":"<p>Privo\u0161\u010dite si kolekcijo Stone &#8211; elegantno oblikovane \u010da\u0161e bodo kos vsaki prilo\u017enosti. Idealna je za nadobudne poznavalce vin in vse ljubitelje inovativnega oblikovanja!<\/p>\n<p>Kelihi so narejeni iz stekla najvi\u0161je kakovosti, ki se odseva v izjemni prosojnosti, ne\u017enem zvoku in lahkotnosti.<\/p>\n","protected":false},"featured_media":7321,"comment_status":"open","ping_status":"open","template":"","meta":[],"product_brand":[],"product_cat":[196,933,284,446],"product_tag":[523,458,467],"class_list":{"0":"post-7327","1":"product","2":"type-product","3":"status-publish","4":"has-post-thumbnail","6":"product_cat-barski-program","7":"product_cat-kozarci-za-vodo-2","8":"product_cat-vinski-program-default-group","9":"product_cat-kozarci-za-vodo","10":"product_tag-stone","11":"product_tag-za-mesane-pijace","12":"product_tag-za-vodo","14":"first","15":"instock","16":"shipping-taxable","17":"purchasable","18":"product-type-simple"},"_links":{"self":[{"href":"https:\/\/steklarna-rogaska.si\/ru\/wp-json\/wp\/v2\/product\/7327","targetHints":{"allow":["GET"]}}],"collection":[{"href":"https:\/\/steklarna-rogaska.si\/ru\/wp-json\/wp\/v2\/product"}],"about":[{"href":"https:\/\/steklarna-rogaska.si\/ru\/wp-json\/wp\/v2\/types\/product"}],"replies":[{"embeddable":true,"href":"https:\/\/steklarna-rogaska.si\/ru\/wp-json\/wp\/v2\/comments?post=7327"}],"wp:featuredmedia":[{"embeddable":true,"href":"https:\/\/steklarna-rogaska.si\/ru\/wp-json\/wp\/v2\/media\/7321"}],"wp:attachment":[{"href":"https:\/\/steklarna-rogaska.si\/ru\/wp-json\/wp\/v2\/media?parent=7327"}],"wp:term":[{"taxonomy":"product_brand","embeddable":true,"href":"https:\/\/steklarna-rogaska.si\/ru\/wp-json\/wp\/v2\/product_brand?post=7327"},{"taxonomy":"product_cat","embeddable":true,"href":"https:\/\/steklarna-rogaska.si\/ru\/wp-json\/wp\/v2\/product_cat?post=7327"},{"taxonomy":"product_tag","embeddable":true,"href":"https:\/\/steklarna-rogaska.si\/ru\/wp-json\/wp\/v2\/product_tag?post=7327"}],"curies":[{"name":"wp","href":"https:\/\/api.w.org\/{rel}","templated":true}]}}