{"id":6801,"date":"2020-05-08T08:16:22","date_gmt":"2020-05-08T08:16:22","guid":{"rendered":"https:\/\/steklarna-rogaska.si\/?post_type=product&#038;p=6801"},"modified":"2026-04-14T05:24:17","modified_gmt":"2026-04-14T05:24:17","slug":"omega-kozarec-za-sampanjec-mali-set-2","status":"publish","type":"product","link":"https:\/\/steklarna-rogaska.si\/ru\/product\/omega-kozarec-za-sampanjec-mali-set-2\/","title":{"rendered":"KOZAREC ZA PENINO Z NIZKO KUPO &#8211; OMEGA &#8211; set 2 kos"},"content":{"rendered":"<p>vi\u0161ina = 140 mm<br \/>\n\u0161irina = 127 mm<br \/>\nte\u017ea = 0,5 kg<\/p>\n","protected":false},"excerpt":{"rendered":"<p>vi\u0161ina = 140 mm \u0161irina = 127 mm te\u017ea = 0,5 kg<\/p>\n","protected":false},"featured_media":6677,"comment_status":"open","ping_status":"open","template":"","meta":[],"product_brand":[],"product_cat":[924,926,284,911],"product_tag":[968,969,431,978,985,468],"class_list":{"0":"post-6801","1":"product","2":"type-product","3":"status-publish","4":"has-post-thumbnail","6":"product_cat-kozarci-2","7":"product_cat-kozarci-za-penino-2","8":"product_cat-vinski-program-default-group","9":"product_cat-kozarci-za-penino","10":"product_tag-kelih-za-penino","11":"product_tag-kozarec-za-penino","12":"product_tag-omega","13":"product_tag-peninski-kelih","14":"product_tag-peninski-kozarec","15":"product_tag-za-penino","17":"first","18":"instock","19":"shipping-taxable","20":"purchasable","21":"product-type-simple"},"_links":{"self":[{"href":"https:\/\/steklarna-rogaska.si\/ru\/wp-json\/wp\/v2\/product\/6801","targetHints":{"allow":["GET"]}}],"collection":[{"href":"https:\/\/steklarna-rogaska.si\/ru\/wp-json\/wp\/v2\/product"}],"about":[{"href":"https:\/\/steklarna-rogaska.si\/ru\/wp-json\/wp\/v2\/types\/product"}],"replies":[{"embeddable":true,"href":"https:\/\/steklarna-rogaska.si\/ru\/wp-json\/wp\/v2\/comments?post=6801"}],"wp:featuredmedia":[{"embeddable":true,"href":"https:\/\/steklarna-rogaska.si\/ru\/wp-json\/wp\/v2\/media\/6677"}],"wp:attachment":[{"href":"https:\/\/steklarna-rogaska.si\/ru\/wp-json\/wp\/v2\/media?parent=6801"}],"wp:term":[{"taxonomy":"product_brand","embeddable":true,"href":"https:\/\/steklarna-rogaska.si\/ru\/wp-json\/wp\/v2\/product_brand?post=6801"},{"taxonomy":"product_cat","embeddable":true,"href":"https:\/\/steklarna-rogaska.si\/ru\/wp-json\/wp\/v2\/product_cat?post=6801"},{"taxonomy":"product_tag","embeddable":true,"href":"https:\/\/steklarna-rogaska.si\/ru\/wp-json\/wp\/v2\/product_tag?post=6801"}],"curies":[{"name":"wp","href":"https:\/\/api.w.org\/{rel}","templated":true}]}}