{"id":6799,"date":"2020-05-08T08:16:22","date_gmt":"2020-05-08T08:16:22","guid":{"rendered":"https:\/\/steklarna-rogaska.si\/?post_type=product&#038;p=6799"},"modified":"2026-04-14T05:24:19","modified_gmt":"2026-04-14T05:24:19","slug":"omega-skleda-12-cm","status":"publish","type":"product","link":"https:\/\/steklarna-rogaska.si\/ru\/product\/omega-skleda-12-cm\/","title":{"rendered":"SKLEDA 12 CM &#8211; OMEGA &#8211; kos"},"content":{"rendered":"<p>vi\u0161ina = 81 mm<br \/>\n\u0161irina = 125 mm<br \/>\nte\u017ea = 0,4 kg<\/p>\n","protected":false},"excerpt":{"rendered":"<p>vi\u0161ina = 81 mm \u0161irina = 125 mm te\u017ea = 0,4 kg<\/p>\n","protected":false},"featured_media":6701,"comment_status":"open","ping_status":"open","template":"","meta":[],"product_brand":[],"product_cat":[916,922,923,920,919,996,946,948,956,959],"product_tag":[431,441,439],"class_list":{"0":"post-6799","1":"product","2":"type-product","3":"status-publish","4":"has-post-thumbnail","6":"product_cat-darilni-program-2","7":"product_cat-darila-zanj","8":"product_cat-drobne-pozornosti","9":"product_cat-porocna-darila","10":"product_cat-poslovna-darila","11":"product_cat-praznicna-ponudba","12":"product_cat-sklede-2","13":"product_cat-skleda-za-prigrizke","14":"product_cat-skodelice-za-caj-kavo-sladoled","15":"product_cat-skodelica-za-sladoled","16":"product_tag-omega","17":"product_tag-porocna-darila","18":"product_tag-poroka","20":"first","21":"instock","22":"shipping-taxable","23":"purchasable","24":"product-type-simple"},"_links":{"self":[{"href":"https:\/\/steklarna-rogaska.si\/ru\/wp-json\/wp\/v2\/product\/6799","targetHints":{"allow":["GET"]}}],"collection":[{"href":"https:\/\/steklarna-rogaska.si\/ru\/wp-json\/wp\/v2\/product"}],"about":[{"href":"https:\/\/steklarna-rogaska.si\/ru\/wp-json\/wp\/v2\/types\/product"}],"replies":[{"embeddable":true,"href":"https:\/\/steklarna-rogaska.si\/ru\/wp-json\/wp\/v2\/comments?post=6799"}],"wp:featuredmedia":[{"embeddable":true,"href":"https:\/\/steklarna-rogaska.si\/ru\/wp-json\/wp\/v2\/media\/6701"}],"wp:attachment":[{"href":"https:\/\/steklarna-rogaska.si\/ru\/wp-json\/wp\/v2\/media?parent=6799"}],"wp:term":[{"taxonomy":"product_brand","embeddable":true,"href":"https:\/\/steklarna-rogaska.si\/ru\/wp-json\/wp\/v2\/product_brand?post=6799"},{"taxonomy":"product_cat","embeddable":true,"href":"https:\/\/steklarna-rogaska.si\/ru\/wp-json\/wp\/v2\/product_cat?post=6799"},{"taxonomy":"product_tag","embeddable":true,"href":"https:\/\/steklarna-rogaska.si\/ru\/wp-json\/wp\/v2\/product_tag?post=6799"}],"curies":[{"name":"wp","href":"https:\/\/api.w.org\/{rel}","templated":true}]}}