{"id":6789,"date":"2020-05-08T08:16:23","date_gmt":"2020-05-08T08:16:23","guid":{"rendered":"https:\/\/steklarna-rogaska.si\/?post_type=product&#038;p=6789"},"modified":"2026-04-14T05:24:02","modified_gmt":"2026-04-14T05:24:02","slug":"omega-kozarec-za-sampanjec-set-2","status":"publish","type":"product","link":"https:\/\/steklarna-rogaska.si\/ru\/product\/omega-kozarec-za-sampanjec-set-2\/","title":{"rendered":"KOZAREC ZA PENINO S KUPO &#8211; OMEGA &#8211; set 2 kos"},"content":{"rendered":"<p>vi\u0161ina = 198 mm<br \/>\n\u0161irina = 127 mm<br \/>\nte\u017ea = 0,3 kg<\/p>\n","protected":false},"excerpt":{"rendered":"<p>vi\u0161ina = 198 mm \u0161irina = 127 mm te\u017ea = 0,3 kg<\/p>\n","protected":false},"featured_media":6691,"comment_status":"open","ping_status":"open","template":"","meta":[],"product_brand":[],"product_cat":[921,920,919,924,926,284,911],"product_tag":[968,969,431,983,985,439,468],"class_list":{"0":"post-6789","1":"product","2":"type-product","3":"status-publish","4":"has-post-thumbnail","6":"product_cat-darila-zanjo","7":"product_cat-porocna-darila","8":"product_cat-poslovna-darila","9":"product_cat-kozarci-2","10":"product_cat-kozarci-za-penino-2","11":"product_cat-vinski-program-default-group","12":"product_cat-kozarci-za-penino","13":"product_tag-kelih-za-penino","14":"product_tag-kozarec-za-penino","15":"product_tag-omega","16":"product_tag-peninski-kelih-za-poroko","17":"product_tag-peninski-kozarec","18":"product_tag-poroka","19":"product_tag-za-penino","21":"first","22":"instock","23":"shipping-taxable","24":"purchasable","25":"product-type-simple"},"_links":{"self":[{"href":"https:\/\/steklarna-rogaska.si\/ru\/wp-json\/wp\/v2\/product\/6789","targetHints":{"allow":["GET"]}}],"collection":[{"href":"https:\/\/steklarna-rogaska.si\/ru\/wp-json\/wp\/v2\/product"}],"about":[{"href":"https:\/\/steklarna-rogaska.si\/ru\/wp-json\/wp\/v2\/types\/product"}],"replies":[{"embeddable":true,"href":"https:\/\/steklarna-rogaska.si\/ru\/wp-json\/wp\/v2\/comments?post=6789"}],"wp:featuredmedia":[{"embeddable":true,"href":"https:\/\/steklarna-rogaska.si\/ru\/wp-json\/wp\/v2\/media\/6691"}],"wp:attachment":[{"href":"https:\/\/steklarna-rogaska.si\/ru\/wp-json\/wp\/v2\/media?parent=6789"}],"wp:term":[{"taxonomy":"product_brand","embeddable":true,"href":"https:\/\/steklarna-rogaska.si\/ru\/wp-json\/wp\/v2\/product_brand?post=6789"},{"taxonomy":"product_cat","embeddable":true,"href":"https:\/\/steklarna-rogaska.si\/ru\/wp-json\/wp\/v2\/product_cat?post=6789"},{"taxonomy":"product_tag","embeddable":true,"href":"https:\/\/steklarna-rogaska.si\/ru\/wp-json\/wp\/v2\/product_tag?post=6789"}],"curies":[{"name":"wp","href":"https:\/\/api.w.org\/{rel}","templated":true}]}}