{"id":6788,"date":"2020-05-08T08:16:22","date_gmt":"2020-05-08T08:16:22","guid":{"rendered":"https:\/\/steklarna-rogaska.si\/?post_type=product&#038;p=6788"},"modified":"2026-04-14T05:24:01","modified_gmt":"2026-04-14T05:24:01","slug":"omega-kozarec-za-penino-set-2","status":"publish","type":"product","link":"https:\/\/steklarna-rogaska.si\/ru\/product\/omega-kozarec-za-penino-set-2\/","title":{"rendered":"KOZAREC ZA PENINO &#8211; OMEGA &#8211; set 2 kos"},"content":{"rendered":"<p>vi\u0161ina = 314 mm<br \/>\n\u0161irina = 51 mm<br \/>\nte\u017ea = 0,2 kg<\/p>\n","protected":false},"excerpt":{"rendered":"<p>vi\u0161ina = 314 mm \u0161irina = 51 mm te\u017ea = 0,2 kg<\/p>\n","protected":false},"featured_media":6687,"comment_status":"open","ping_status":"open","template":"","meta":[],"product_brand":[],"product_cat":[920,919,924,926,284,911],"product_tag":[968,969,431,978,985,991,439,468],"class_list":{"0":"post-6788","1":"product","2":"type-product","3":"status-publish","4":"has-post-thumbnail","6":"product_cat-porocna-darila","7":"product_cat-poslovna-darila","8":"product_cat-kozarci-2","9":"product_cat-kozarci-za-penino-2","10":"product_cat-vinski-program-default-group","11":"product_cat-kozarci-za-penino","12":"product_tag-kelih-za-penino","13":"product_tag-kozarec-za-penino","14":"product_tag-omega","15":"product_tag-peninski-kelih","16":"product_tag-peninski-kozarec","17":"product_tag-porocno-darilo","18":"product_tag-poroka","19":"product_tag-za-penino","21":"first","22":"instock","23":"shipping-taxable","24":"purchasable","25":"product-type-simple"},"_links":{"self":[{"href":"https:\/\/steklarna-rogaska.si\/ru\/wp-json\/wp\/v2\/product\/6788","targetHints":{"allow":["GET"]}}],"collection":[{"href":"https:\/\/steklarna-rogaska.si\/ru\/wp-json\/wp\/v2\/product"}],"about":[{"href":"https:\/\/steklarna-rogaska.si\/ru\/wp-json\/wp\/v2\/types\/product"}],"replies":[{"embeddable":true,"href":"https:\/\/steklarna-rogaska.si\/ru\/wp-json\/wp\/v2\/comments?post=6788"}],"wp:featuredmedia":[{"embeddable":true,"href":"https:\/\/steklarna-rogaska.si\/ru\/wp-json\/wp\/v2\/media\/6687"}],"wp:attachment":[{"href":"https:\/\/steklarna-rogaska.si\/ru\/wp-json\/wp\/v2\/media?parent=6788"}],"wp:term":[{"taxonomy":"product_brand","embeddable":true,"href":"https:\/\/steklarna-rogaska.si\/ru\/wp-json\/wp\/v2\/product_brand?post=6788"},{"taxonomy":"product_cat","embeddable":true,"href":"https:\/\/steklarna-rogaska.si\/ru\/wp-json\/wp\/v2\/product_cat?post=6788"},{"taxonomy":"product_tag","embeddable":true,"href":"https:\/\/steklarna-rogaska.si\/ru\/wp-json\/wp\/v2\/product_tag?post=6788"}],"curies":[{"name":"wp","href":"https:\/\/api.w.org\/{rel}","templated":true}]}}