{"id":6786,"date":"2020-05-07T13:12:27","date_gmt":"2020-05-07T13:12:27","guid":{"rendered":"https:\/\/steklarna-rogaska.si\/?post_type=product&#038;p=6786"},"modified":"2026-04-14T05:24:01","modified_gmt":"2026-04-14T05:24:01","slug":"omega-kozarec-za-belo-vno-set-2","status":"publish","type":"product","link":"https:\/\/steklarna-rogaska.si\/ru\/product\/omega-kozarec-za-belo-vno-set-2\/","title":{"rendered":"KOZAREC ZA VINO &#8211; OMEGA &#8211; set 2 kos"},"content":{"rendered":"<p>vi\u0161ina = 209 mm<br \/>\n\u0161irina = 86 mm<br \/>\nte\u017ea = 0,3 kg<\/p>\n","protected":false},"excerpt":{"rendered":"<p>vi\u0161ina = 209 mm \u0161irina = 86 mm te\u017ea = 0,3 kg<\/p>\n","protected":false},"featured_media":6685,"comment_status":"open","ping_status":"open","template":"","meta":[],"product_brand":[],"product_cat":[284,910],"product_tag":[972,973,431,971,976,461],"class_list":{"0":"post-6786","1":"product","2":"type-product","3":"status-publish","4":"has-post-thumbnail","6":"product_cat-vinski-program-default-group","7":"product_cat-kozarci-za-vino","8":"product_tag-kelih-za-vino","9":"product_tag-kozarec-za-vino","10":"product_tag-omega","11":"product_tag-vinski-kelih","12":"product_tag-vinski-kozarec","13":"product_tag-za-belo-vino","15":"first","16":"instock","17":"shipping-taxable","18":"purchasable","19":"product-type-simple"},"_links":{"self":[{"href":"https:\/\/steklarna-rogaska.si\/ru\/wp-json\/wp\/v2\/product\/6786","targetHints":{"allow":["GET"]}}],"collection":[{"href":"https:\/\/steklarna-rogaska.si\/ru\/wp-json\/wp\/v2\/product"}],"about":[{"href":"https:\/\/steklarna-rogaska.si\/ru\/wp-json\/wp\/v2\/types\/product"}],"replies":[{"embeddable":true,"href":"https:\/\/steklarna-rogaska.si\/ru\/wp-json\/wp\/v2\/comments?post=6786"}],"wp:featuredmedia":[{"embeddable":true,"href":"https:\/\/steklarna-rogaska.si\/ru\/wp-json\/wp\/v2\/media\/6685"}],"wp:attachment":[{"href":"https:\/\/steklarna-rogaska.si\/ru\/wp-json\/wp\/v2\/media?parent=6786"}],"wp:term":[{"taxonomy":"product_brand","embeddable":true,"href":"https:\/\/steklarna-rogaska.si\/ru\/wp-json\/wp\/v2\/product_brand?post=6786"},{"taxonomy":"product_cat","embeddable":true,"href":"https:\/\/steklarna-rogaska.si\/ru\/wp-json\/wp\/v2\/product_cat?post=6786"},{"taxonomy":"product_tag","embeddable":true,"href":"https:\/\/steklarna-rogaska.si\/ru\/wp-json\/wp\/v2\/product_tag?post=6786"}],"curies":[{"name":"wp","href":"https:\/\/api.w.org\/{rel}","templated":true}]}}