{"id":6362,"date":"2020-04-24T08:38:56","date_gmt":"2020-04-24T08:38:56","guid":{"rendered":"https:\/\/steklarna-rogaska.si\/?post_type=product&#038;p=6362"},"modified":"2026-04-14T05:13:46","modified_gmt":"2026-04-14T05:13:46","slug":"big-rock-kozarec-za-rdece-vino-set-2","status":"publish","type":"product","link":"https:\/\/steklarna-rogaska.si\/ru\/product\/big-rock-kozarec-za-rdece-vino-set-2\/","title":{"rendered":"KOZAREC RDE\u010cE VINO &#8211; BIG ROCK &#8211; set 2 kos"},"content":{"rendered":"<p>vi\u0161ina= 255 mm<\/p>\n<p>\u0161irina= 72 mm<\/p>\n<p>te\u017ea= 0,4 kg<\/p>\n","protected":false},"excerpt":{"rendered":"<p>Zelo elegantne in tanke \u010da\u0161e in \u0161e tanj\u0161i peclji so zdru\u017eeni z razko\u0161nimi kristalnimi dragulji. Serija je priljubljena pri nevestah po vsem svetu (le katera pa nima rada \u010dim ve\u010dje zbirke draguljev?!?).<\/p>\n","protected":false},"featured_media":6357,"comment_status":"closed","ping_status":"open","template":"","meta":[],"product_brand":[],"product_cat":[916,920,919,996,925,284,910],"product_tag":[366,972,973,971,976,454],"class_list":{"0":"post-6362","1":"product","2":"type-product","3":"status-publish","4":"has-post-thumbnail","6":"product_cat-darilni-program-2","7":"product_cat-porocna-darila","8":"product_cat-poslovna-darila","9":"product_cat-praznicna-ponudba","10":"product_cat-kozarci-za-vino-2","11":"product_cat-vinski-program-default-group","12":"product_cat-kozarci-za-vino","13":"product_tag-big-rock","14":"product_tag-kelih-za-vino","15":"product_tag-kozarec-za-vino","16":"product_tag-vinski-kelih","17":"product_tag-vinski-kozarec","18":"product_tag-za-rdece-vino","20":"first","21":"instock","22":"shipping-taxable","23":"purchasable","24":"product-type-simple"},"_links":{"self":[{"href":"https:\/\/steklarna-rogaska.si\/ru\/wp-json\/wp\/v2\/product\/6362","targetHints":{"allow":["GET"]}}],"collection":[{"href":"https:\/\/steklarna-rogaska.si\/ru\/wp-json\/wp\/v2\/product"}],"about":[{"href":"https:\/\/steklarna-rogaska.si\/ru\/wp-json\/wp\/v2\/types\/product"}],"replies":[{"embeddable":true,"href":"https:\/\/steklarna-rogaska.si\/ru\/wp-json\/wp\/v2\/comments?post=6362"}],"wp:featuredmedia":[{"embeddable":true,"href":"https:\/\/steklarna-rogaska.si\/ru\/wp-json\/wp\/v2\/media\/6357"}],"wp:attachment":[{"href":"https:\/\/steklarna-rogaska.si\/ru\/wp-json\/wp\/v2\/media?parent=6362"}],"wp:term":[{"taxonomy":"product_brand","embeddable":true,"href":"https:\/\/steklarna-rogaska.si\/ru\/wp-json\/wp\/v2\/product_brand?post=6362"},{"taxonomy":"product_cat","embeddable":true,"href":"https:\/\/steklarna-rogaska.si\/ru\/wp-json\/wp\/v2\/product_cat?post=6362"},{"taxonomy":"product_tag","embeddable":true,"href":"https:\/\/steklarna-rogaska.si\/ru\/wp-json\/wp\/v2\/product_tag?post=6362"}],"curies":[{"name":"wp","href":"https:\/\/api.w.org\/{rel}","templated":true}]}}