{"id":6353,"date":"2020-04-24T08:33:07","date_gmt":"2020-04-24T08:33:07","guid":{"rendered":"https:\/\/steklarna-rogaska.si\/?post_type=product&#038;p=6353"},"modified":"2026-04-14T05:24:40","modified_gmt":"2026-04-14T05:24:40","slug":"avant-garde-skleda-26-cm","status":"publish","type":"product","link":"https:\/\/steklarna-rogaska.si\/ru\/product\/avant-garde-skleda-26-cm\/","title":{"rendered":"SKLEDA 26 CM &#8211; AVANT-GARDE &#8211; kos"},"content":{"rendered":"<p>vi\u0161ina= 150 mm<\/p>\n<p>\u0161irina= 252 mm<\/p>\n<p>te\u017ea= 4,2 kg<\/p>\n","protected":false},"excerpt":{"rendered":"<p>Kot \u017ee ime pove, pomeni serija Avant Garde odmik od tradicionalnega. Izdelki bodo navdu\u0161ili vse ljubitelje drznih pristopov v oblikovanju in novih pogledov na estetiko &#8230; ki so pogosto v nasprotju z &#8220;mainstream v\u0161e\u010dki&#8221;. Izdelki Avant Garde vsekakor premikajo meje doslej videnega v proizvodnji kristala in res je, da so tovrstni podvigi v kristalu mogo\u010di samo s pomo\u010djo vrhunskega znanja, ki ga Steklarna Roga\u0161ka premore.<\/p>\n","protected":false},"featured_media":6350,"comment_status":"closed","ping_status":"open","template":"","meta":[],"product_brand":[],"product_cat":[946,947],"product_tag":[356],"class_list":{"0":"post-6353","1":"product","2":"type-product","3":"status-publish","4":"has-post-thumbnail","6":"product_cat-sklede-2","7":"product_cat-sklede-za-sadje-2","8":"product_tag-avant-garde","10":"first","11":"instock","12":"shipping-taxable","13":"purchasable","14":"product-type-simple"},"_links":{"self":[{"href":"https:\/\/steklarna-rogaska.si\/ru\/wp-json\/wp\/v2\/product\/6353","targetHints":{"allow":["GET"]}}],"collection":[{"href":"https:\/\/steklarna-rogaska.si\/ru\/wp-json\/wp\/v2\/product"}],"about":[{"href":"https:\/\/steklarna-rogaska.si\/ru\/wp-json\/wp\/v2\/types\/product"}],"replies":[{"embeddable":true,"href":"https:\/\/steklarna-rogaska.si\/ru\/wp-json\/wp\/v2\/comments?post=6353"}],"wp:featuredmedia":[{"embeddable":true,"href":"https:\/\/steklarna-rogaska.si\/ru\/wp-json\/wp\/v2\/media\/6350"}],"wp:attachment":[{"href":"https:\/\/steklarna-rogaska.si\/ru\/wp-json\/wp\/v2\/media?parent=6353"}],"wp:term":[{"taxonomy":"product_brand","embeddable":true,"href":"https:\/\/steklarna-rogaska.si\/ru\/wp-json\/wp\/v2\/product_brand?post=6353"},{"taxonomy":"product_cat","embeddable":true,"href":"https:\/\/steklarna-rogaska.si\/ru\/wp-json\/wp\/v2\/product_cat?post=6353"},{"taxonomy":"product_tag","embeddable":true,"href":"https:\/\/steklarna-rogaska.si\/ru\/wp-json\/wp\/v2\/product_tag?post=6353"}],"curies":[{"name":"wp","href":"https:\/\/api.w.org\/{rel}","templated":true}]}}