{"id":6335,"date":"2025-06-17T08:16:55","date_gmt":"2025-06-17T08:16:55","guid":{"rendered":"https:\/\/steklarna-rogaska.si\/?post_type=product&#038;p=6335"},"modified":"2026-04-14T05:24:07","modified_gmt":"2026-04-14T05:24:07","slug":"aulide-kozarec-za-ledeni-caj-set-2","status":"publish","type":"product","link":"https:\/\/steklarna-rogaska.si\/ru\/product\/aulide-kozarec-za-ledeni-caj-set-2\/","title":{"rendered":"KOZAREC ZA LEDENI \u010cAJ, LONG DRINK &#8211; AULIDE &#8211; set 2 kos"},"content":{"rendered":"<p>vi\u0161ina=209 mm<\/p>\n<p>\u0161irina=87 mm<\/p>\n<p>te\u017ea= 0,4 kg<\/p>\n","protected":false},"excerpt":{"rendered":"<p>vi\u0161ina=209 mm \u0161irina=87 mm te\u017ea= 0,4 kg<\/p>\n","protected":false},"featured_media":6314,"comment_status":"closed","ping_status":"closed","template":"","meta":[],"product_brand":[],"product_cat":[1139,924,932],"product_tag":[343,457,458,484],"class_list":{"0":"post-6335","1":"product","2":"type-product","3":"status-publish","4":"has-post-thumbnail","6":"product_cat-kozarci-za-koktajle","7":"product_cat-kozarci-2","8":"product_cat-kozarci-za-sok","9":"product_tag-aulide","10":"product_tag-za-ledeni-caj","11":"product_tag-za-mesane-pijace","12":"product_tag-za-sok","14":"first","15":"outofstock","16":"shipping-taxable","17":"purchasable","18":"product-type-simple"},"_links":{"self":[{"href":"https:\/\/steklarna-rogaska.si\/ru\/wp-json\/wp\/v2\/product\/6335","targetHints":{"allow":["GET"]}}],"collection":[{"href":"https:\/\/steklarna-rogaska.si\/ru\/wp-json\/wp\/v2\/product"}],"about":[{"href":"https:\/\/steklarna-rogaska.si\/ru\/wp-json\/wp\/v2\/types\/product"}],"replies":[{"embeddable":true,"href":"https:\/\/steklarna-rogaska.si\/ru\/wp-json\/wp\/v2\/comments?post=6335"}],"wp:featuredmedia":[{"embeddable":true,"href":"https:\/\/steklarna-rogaska.si\/ru\/wp-json\/wp\/v2\/media\/6314"}],"wp:attachment":[{"href":"https:\/\/steklarna-rogaska.si\/ru\/wp-json\/wp\/v2\/media?parent=6335"}],"wp:term":[{"taxonomy":"product_brand","embeddable":true,"href":"https:\/\/steklarna-rogaska.si\/ru\/wp-json\/wp\/v2\/product_brand?post=6335"},{"taxonomy":"product_cat","embeddable":true,"href":"https:\/\/steklarna-rogaska.si\/ru\/wp-json\/wp\/v2\/product_cat?post=6335"},{"taxonomy":"product_tag","embeddable":true,"href":"https:\/\/steklarna-rogaska.si\/ru\/wp-json\/wp\/v2\/product_tag?post=6335"}],"curies":[{"name":"wp","href":"https:\/\/api.w.org\/{rel}","templated":true}]}}