{"id":6333,"date":"2020-04-24T08:13:53","date_gmt":"2020-04-24T08:13:53","guid":{"rendered":"https:\/\/steklarna-rogaska.si\/?post_type=product&#038;p=6333"},"modified":"2026-04-13T07:17:30","modified_gmt":"2026-04-13T07:17:30","slug":"aulide-kozarec-za-rdece-vino-set-2","status":"publish","type":"product","link":"https:\/\/steklarna-rogaska.si\/ru\/product\/aulide-kozarec-za-rdece-vino-set-2\/","title":{"rendered":"KOZAREC ZA RDE\u010cE VINO &#8211; AULIDE &#8211; set 2 kos"},"content":{"rendered":"<p>vi\u0161ina= 197 mm<\/p>\n<p>\u0161irina=80 mm<\/p>\n<p>te\u017ea= 0,3 kg<\/p>\n","protected":false},"excerpt":{"rendered":"<p>vi\u0161ina= 197 mm \u0161irina=80 mm te\u017ea= 0,3 kg<\/p>\n","protected":false},"featured_media":6318,"comment_status":"closed","ping_status":"closed","template":"","meta":[],"product_brand":[],"product_cat":[916,920,919,996,924,925,284,910],"product_tag":[343,972,973,971,976,454],"class_list":{"0":"post-6333","1":"product","2":"type-product","3":"status-publish","4":"has-post-thumbnail","6":"product_cat-darilni-program-2","7":"product_cat-porocna-darila","8":"product_cat-poslovna-darila","9":"product_cat-praznicna-ponudba","10":"product_cat-kozarci-2","11":"product_cat-kozarci-za-vino-2","12":"product_cat-vinski-program-default-group","13":"product_cat-kozarci-za-vino","14":"product_tag-aulide","15":"product_tag-kelih-za-vino","16":"product_tag-kozarec-za-vino","17":"product_tag-vinski-kelih","18":"product_tag-vinski-kozarec","19":"product_tag-za-rdece-vino","21":"first","22":"instock","23":"shipping-taxable","24":"purchasable","25":"product-type-simple"},"_links":{"self":[{"href":"https:\/\/steklarna-rogaska.si\/ru\/wp-json\/wp\/v2\/product\/6333","targetHints":{"allow":["GET"]}}],"collection":[{"href":"https:\/\/steklarna-rogaska.si\/ru\/wp-json\/wp\/v2\/product"}],"about":[{"href":"https:\/\/steklarna-rogaska.si\/ru\/wp-json\/wp\/v2\/types\/product"}],"replies":[{"embeddable":true,"href":"https:\/\/steklarna-rogaska.si\/ru\/wp-json\/wp\/v2\/comments?post=6333"}],"wp:featuredmedia":[{"embeddable":true,"href":"https:\/\/steklarna-rogaska.si\/ru\/wp-json\/wp\/v2\/media\/6318"}],"wp:attachment":[{"href":"https:\/\/steklarna-rogaska.si\/ru\/wp-json\/wp\/v2\/media?parent=6333"}],"wp:term":[{"taxonomy":"product_brand","embeddable":true,"href":"https:\/\/steklarna-rogaska.si\/ru\/wp-json\/wp\/v2\/product_brand?post=6333"},{"taxonomy":"product_cat","embeddable":true,"href":"https:\/\/steklarna-rogaska.si\/ru\/wp-json\/wp\/v2\/product_cat?post=6333"},{"taxonomy":"product_tag","embeddable":true,"href":"https:\/\/steklarna-rogaska.si\/ru\/wp-json\/wp\/v2\/product_tag?post=6333"}],"curies":[{"name":"wp","href":"https:\/\/api.w.org\/{rel}","templated":true}]}}