{"id":6331,"date":"2020-04-24T08:11:21","date_gmt":"2020-04-24T08:11:21","guid":{"rendered":"https:\/\/steklarna-rogaska.si\/?post_type=product&#038;p=6331"},"modified":"2026-04-14T05:24:09","modified_gmt":"2026-04-14T05:24:09","slug":"aulide-mala-posoda-za-led","status":"publish","type":"product","link":"https:\/\/steklarna-rogaska.si\/ru\/product\/aulide-mala-posoda-za-led\/","title":{"rendered":"POSODA ZA LED MALA &#8211; AULIDE &#8211; kos"},"content":{"rendered":"<p>vi\u0161ina=156 mm<\/p>\n<p>\u0161irina=150 mm<\/p>\n<p>te\u017ea= 2 kg<\/p>\n","protected":false},"excerpt":{"rendered":"<p>vi\u0161ina=156 mm \u0161irina=150 mm te\u017ea= 2 kg<\/p>\n","protected":false},"featured_media":6312,"comment_status":"closed","ping_status":"open","template":"","meta":[],"product_brand":[],"product_cat":[196,444],"product_tag":[343,475],"class_list":{"0":"post-6331","1":"product","2":"type-product","3":"status-publish","4":"has-post-thumbnail","6":"product_cat-barski-program","7":"product_cat-posoda-za-hlajenje","8":"product_tag-aulide","9":"product_tag-za-led","11":"first","12":"outofstock","13":"shipping-taxable","14":"purchasable","15":"product-type-simple"},"_links":{"self":[{"href":"https:\/\/steklarna-rogaska.si\/ru\/wp-json\/wp\/v2\/product\/6331","targetHints":{"allow":["GET"]}}],"collection":[{"href":"https:\/\/steklarna-rogaska.si\/ru\/wp-json\/wp\/v2\/product"}],"about":[{"href":"https:\/\/steklarna-rogaska.si\/ru\/wp-json\/wp\/v2\/types\/product"}],"replies":[{"embeddable":true,"href":"https:\/\/steklarna-rogaska.si\/ru\/wp-json\/wp\/v2\/comments?post=6331"}],"wp:featuredmedia":[{"embeddable":true,"href":"https:\/\/steklarna-rogaska.si\/ru\/wp-json\/wp\/v2\/media\/6312"}],"wp:attachment":[{"href":"https:\/\/steklarna-rogaska.si\/ru\/wp-json\/wp\/v2\/media?parent=6331"}],"wp:term":[{"taxonomy":"product_brand","embeddable":true,"href":"https:\/\/steklarna-rogaska.si\/ru\/wp-json\/wp\/v2\/product_brand?post=6331"},{"taxonomy":"product_cat","embeddable":true,"href":"https:\/\/steklarna-rogaska.si\/ru\/wp-json\/wp\/v2\/product_cat?post=6331"},{"taxonomy":"product_tag","embeddable":true,"href":"https:\/\/steklarna-rogaska.si\/ru\/wp-json\/wp\/v2\/product_tag?post=6331"}],"curies":[{"name":"wp","href":"https:\/\/api.w.org\/{rel}","templated":true}]}}