{"id":6263,"date":"2020-04-23T19:14:00","date_gmt":"2020-04-23T19:14:00","guid":{"rendered":"https:\/\/steklarna-rogaska.si\/?post_type=product&#038;p=6263"},"modified":"2026-05-05T05:23:14","modified_gmt":"2026-05-05T05:23:14","slug":"stop-kozarec-za-konjak-set-2","status":"publish","type":"product","link":"https:\/\/steklarna-rogaska.si\/ru\/product\/stop-kozarec-za-konjak-set-2\/","title":{"rendered":"KOZAREC ZA KONJAK &#8211; STOP &#8211; set 2 kos"},"content":{"rendered":"<p>vi\u0161ina=135 mm<\/p>\n<p>\u0161irina=118 mm<\/p>\n<p>te\u017ea= 0,2 kg<\/p>\n","protected":false},"excerpt":{"rendered":"<p>Serija &#8220;Stop&#8221; govori o ujetih trenutkih v \u010dasu, \u010duje\u010dnosti in spo\u0161tovanju trenutkov, ki so nam dani. \u010ce bi kristalno steklo lahko govorilo, bi vas ta zbirka povabila, da nehate skrbeti in za\u010dnete \u017eiveti.<\/p>\n","protected":false},"featured_media":6249,"comment_status":"closed","ping_status":"open","template":"","meta":[],"product_brand":[],"product_cat":[196,906,924,929],"product_tag":[486,462],"class_list":{"0":"post-6263","1":"product","2":"type-product","3":"status-publish","4":"has-post-thumbnail","6":"product_cat-barski-program","7":"product_cat-kozarci-za-konjak","8":"product_cat-kozarci-2","9":"product_cat-kozarci-za-konjak-2","10":"product_tag-stop","11":"product_tag-za-konjak","13":"first","14":"instock","15":"shipping-taxable","16":"purchasable","17":"product-type-simple"},"_links":{"self":[{"href":"https:\/\/steklarna-rogaska.si\/ru\/wp-json\/wp\/v2\/product\/6263","targetHints":{"allow":["GET"]}}],"collection":[{"href":"https:\/\/steklarna-rogaska.si\/ru\/wp-json\/wp\/v2\/product"}],"about":[{"href":"https:\/\/steklarna-rogaska.si\/ru\/wp-json\/wp\/v2\/types\/product"}],"replies":[{"embeddable":true,"href":"https:\/\/steklarna-rogaska.si\/ru\/wp-json\/wp\/v2\/comments?post=6263"}],"wp:featuredmedia":[{"embeddable":true,"href":"https:\/\/steklarna-rogaska.si\/ru\/wp-json\/wp\/v2\/media\/6249"}],"wp:attachment":[{"href":"https:\/\/steklarna-rogaska.si\/ru\/wp-json\/wp\/v2\/media?parent=6263"}],"wp:term":[{"taxonomy":"product_brand","embeddable":true,"href":"https:\/\/steklarna-rogaska.si\/ru\/wp-json\/wp\/v2\/product_brand?post=6263"},{"taxonomy":"product_cat","embeddable":true,"href":"https:\/\/steklarna-rogaska.si\/ru\/wp-json\/wp\/v2\/product_cat?post=6263"},{"taxonomy":"product_tag","embeddable":true,"href":"https:\/\/steklarna-rogaska.si\/ru\/wp-json\/wp\/v2\/product_tag?post=6263"}],"curies":[{"name":"wp","href":"https:\/\/api.w.org\/{rel}","templated":true}]}}