{"id":6262,"date":"2020-04-23T19:12:30","date_gmt":"2020-04-23T19:12:30","guid":{"rendered":"https:\/\/steklarna-rogaska.si\/?post_type=product&#038;p=6262"},"modified":"2026-04-14T05:23:38","modified_gmt":"2026-04-14T05:23:38","slug":"stop-kelih-za-penino-set-2","status":"publish","type":"product","link":"https:\/\/steklarna-rogaska.si\/ru\/product\/stop-kelih-za-penino-set-2\/","title":{"rendered":"KOZAREC ZA PENINO &#8211; STOP &#8211; set 2 kos"},"content":{"rendered":"<p>vi\u0161ina=270 mm<\/p>\n<p>\u0161irina=66 mm<\/p>\n<p>vol.= 320 ml<\/p>\n","protected":false},"excerpt":{"rendered":"<p>Serija &#8220;Stop&#8221; govori o ujetih trenutkih v \u010dasu, \u010duje\u010dnosti in spo\u0161tovanju trenutkov, ki so nam dani. \u010ce bi kristalno steklo lahko govorilo, bi vas ta zbirka povabila, da nehate skrbeti in za\u010dnete \u017eiveti.<\/p>\n","protected":false},"featured_media":6247,"comment_status":"closed","ping_status":"open","template":"","meta":[],"product_brand":[],"product_cat":[924,926,284,911],"product_tag":[968,969,978,985,441,439,486,468],"class_list":{"0":"post-6262","1":"product","2":"type-product","3":"status-publish","4":"has-post-thumbnail","6":"product_cat-kozarci-2","7":"product_cat-kozarci-za-penino-2","8":"product_cat-vinski-program-default-group","9":"product_cat-kozarci-za-penino","10":"product_tag-kelih-za-penino","11":"product_tag-kozarec-za-penino","12":"product_tag-peninski-kelih","13":"product_tag-peninski-kozarec","14":"product_tag-porocna-darila","15":"product_tag-poroka","16":"product_tag-stop","17":"product_tag-za-penino","19":"first","20":"instock","21":"shipping-taxable","22":"purchasable","23":"product-type-simple"},"_links":{"self":[{"href":"https:\/\/steklarna-rogaska.si\/ru\/wp-json\/wp\/v2\/product\/6262","targetHints":{"allow":["GET"]}}],"collection":[{"href":"https:\/\/steklarna-rogaska.si\/ru\/wp-json\/wp\/v2\/product"}],"about":[{"href":"https:\/\/steklarna-rogaska.si\/ru\/wp-json\/wp\/v2\/types\/product"}],"replies":[{"embeddable":true,"href":"https:\/\/steklarna-rogaska.si\/ru\/wp-json\/wp\/v2\/comments?post=6262"}],"wp:featuredmedia":[{"embeddable":true,"href":"https:\/\/steklarna-rogaska.si\/ru\/wp-json\/wp\/v2\/media\/6247"}],"wp:attachment":[{"href":"https:\/\/steklarna-rogaska.si\/ru\/wp-json\/wp\/v2\/media?parent=6262"}],"wp:term":[{"taxonomy":"product_brand","embeddable":true,"href":"https:\/\/steklarna-rogaska.si\/ru\/wp-json\/wp\/v2\/product_brand?post=6262"},{"taxonomy":"product_cat","embeddable":true,"href":"https:\/\/steklarna-rogaska.si\/ru\/wp-json\/wp\/v2\/product_cat?post=6262"},{"taxonomy":"product_tag","embeddable":true,"href":"https:\/\/steklarna-rogaska.si\/ru\/wp-json\/wp\/v2\/product_tag?post=6262"}],"curies":[{"name":"wp","href":"https:\/\/api.w.org\/{rel}","templated":true}]}}