{"id":6253,"date":"2020-04-23T19:03:41","date_gmt":"2020-04-23T19:03:41","guid":{"rendered":"https:\/\/steklarna-rogaska.si\/?post_type=product&#038;p=6253"},"modified":"2026-04-14T05:23:38","modified_gmt":"2026-04-14T05:23:38","slug":"stop-kozarec-set-2","status":"publish","type":"product","link":"https:\/\/steklarna-rogaska.si\/ru\/product\/stop-kozarec-set-2\/","title":{"rendered":"KOZAREC ZA VODO &#8211; STOP &#8211; set 2 kos"},"content":{"rendered":"<p>vi\u0161ina=110 mm<\/p>\n<p>\u0161irina=109 mm<\/p>\n<p>vol.= 550 ml<\/p>\n","protected":false},"excerpt":{"rendered":"<p>Serija &#8220;Stop&#8221; govori o ujetih trenutkih v \u010dasu, \u010duje\u010dnosti in spo\u0161tovanju trenutkov, ki so nam dani. \u010ce bi kristalno steklo lahko govorilo, bi vas ta zbirka povabila, da nehate skrbeti in za\u010dnete \u017eiveti.<\/p>\n","protected":false},"featured_media":6256,"comment_status":"closed","ping_status":"open","template":"","meta":[],"product_brand":[],"product_cat":[916,922,921,919,996,284,446],"product_tag":[486,484,467,478],"class_list":{"0":"post-6253","1":"product","2":"type-product","3":"status-publish","4":"has-post-thumbnail","6":"product_cat-darilni-program-2","7":"product_cat-darila-zanj","8":"product_cat-darila-zanjo","9":"product_cat-poslovna-darila","10":"product_cat-praznicna-ponudba","11":"product_cat-vinski-program-default-group","12":"product_cat-kozarci-za-vodo","13":"product_tag-stop","14":"product_tag-za-sok","15":"product_tag-za-vodo","16":"product_tag-za-zgane-pijace","18":"first","19":"instock","20":"shipping-taxable","21":"purchasable","22":"product-type-simple"},"_links":{"self":[{"href":"https:\/\/steklarna-rogaska.si\/ru\/wp-json\/wp\/v2\/product\/6253","targetHints":{"allow":["GET"]}}],"collection":[{"href":"https:\/\/steklarna-rogaska.si\/ru\/wp-json\/wp\/v2\/product"}],"about":[{"href":"https:\/\/steklarna-rogaska.si\/ru\/wp-json\/wp\/v2\/types\/product"}],"replies":[{"embeddable":true,"href":"https:\/\/steklarna-rogaska.si\/ru\/wp-json\/wp\/v2\/comments?post=6253"}],"wp:featuredmedia":[{"embeddable":true,"href":"https:\/\/steklarna-rogaska.si\/ru\/wp-json\/wp\/v2\/media\/6256"}],"wp:attachment":[{"href":"https:\/\/steklarna-rogaska.si\/ru\/wp-json\/wp\/v2\/media?parent=6253"}],"wp:term":[{"taxonomy":"product_brand","embeddable":true,"href":"https:\/\/steklarna-rogaska.si\/ru\/wp-json\/wp\/v2\/product_brand?post=6253"},{"taxonomy":"product_cat","embeddable":true,"href":"https:\/\/steklarna-rogaska.si\/ru\/wp-json\/wp\/v2\/product_cat?post=6253"},{"taxonomy":"product_tag","embeddable":true,"href":"https:\/\/steklarna-rogaska.si\/ru\/wp-json\/wp\/v2\/product_tag?post=6253"}],"curies":[{"name":"wp","href":"https:\/\/api.w.org\/{rel}","templated":true}]}}