{"id":6198,"date":"2025-04-05T17:58:42","date_gmt":"2025-04-05T17:58:42","guid":{"rendered":"https:\/\/steklarna-rogaska.si\/?post_type=product&#038;p=6198"},"modified":"2026-04-13T07:02:42","modified_gmt":"2026-04-13T07:02:42","slug":"manhattan-pepelnik-za-cigare","status":"publish","type":"product","link":"https:\/\/steklarna-rogaska.si\/ru\/product\/manhattan-pepelnik-za-cigare\/","title":{"rendered":"PEPELNIK 20 CM &#8211; MANHATTAN &#8211; kos"},"content":{"rendered":"<p>vi\u0161ina= 55 mm<\/p>\n<p>\u0161irina= 198 mm<\/p>\n<p>te\u017ea= 2,6 kg<\/p>\n","protected":false},"excerpt":{"rendered":"<p>Na\u0161a najbolj priljubljena in najbolje prodajana serija Manhattan zdru\u017euje tako tradicijo kot sodobnost, kar je vsekakor zmagovalna kombinacija za opremo va\u0161ega doma\u010dega bara, poro\u010dna obdarovanja ter poslovna darila.<\/p>\n","protected":false},"featured_media":6196,"comment_status":"closed","ping_status":"closed","template":"","meta":[],"product_brand":[],"product_cat":[916,922,919,964],"product_tag":[179,483],"class_list":{"0":"post-6198","1":"product","2":"type-product","3":"status-publish","4":"has-post-thumbnail","6":"product_cat-darilni-program-2","7":"product_cat-darila-zanj","8":"product_cat-poslovna-darila","9":"product_cat-pepelniki-2","10":"product_tag-manhattan","11":"product_tag-pepelnik","13":"first","14":"instock","15":"shipping-taxable","16":"purchasable","17":"product-type-simple"},"_links":{"self":[{"href":"https:\/\/steklarna-rogaska.si\/ru\/wp-json\/wp\/v2\/product\/6198","targetHints":{"allow":["GET"]}}],"collection":[{"href":"https:\/\/steklarna-rogaska.si\/ru\/wp-json\/wp\/v2\/product"}],"about":[{"href":"https:\/\/steklarna-rogaska.si\/ru\/wp-json\/wp\/v2\/types\/product"}],"replies":[{"embeddable":true,"href":"https:\/\/steklarna-rogaska.si\/ru\/wp-json\/wp\/v2\/comments?post=6198"}],"wp:featuredmedia":[{"embeddable":true,"href":"https:\/\/steklarna-rogaska.si\/ru\/wp-json\/wp\/v2\/media\/6196"}],"wp:attachment":[{"href":"https:\/\/steklarna-rogaska.si\/ru\/wp-json\/wp\/v2\/media?parent=6198"}],"wp:term":[{"taxonomy":"product_brand","embeddable":true,"href":"https:\/\/steklarna-rogaska.si\/ru\/wp-json\/wp\/v2\/product_brand?post=6198"},{"taxonomy":"product_cat","embeddable":true,"href":"https:\/\/steklarna-rogaska.si\/ru\/wp-json\/wp\/v2\/product_cat?post=6198"},{"taxonomy":"product_tag","embeddable":true,"href":"https:\/\/steklarna-rogaska.si\/ru\/wp-json\/wp\/v2\/product_tag?post=6198"}],"curies":[{"name":"wp","href":"https:\/\/api.w.org\/{rel}","templated":true}]}}