{"id":6148,"date":"2020-04-23T16:39:43","date_gmt":"2020-04-23T16:39:43","guid":{"rendered":"https:\/\/steklarna-rogaska.si\/?post_type=product&#038;p=6148"},"modified":"2026-04-13T07:18:46","modified_gmt":"2026-04-13T07:18:46","slug":"gap-pravokotni-pladenj-35-cm","status":"publish","type":"product","link":"https:\/\/steklarna-rogaska.si\/ru\/product\/gap-pravokotni-pladenj-35-cm\/","title":{"rendered":"KRO\u017dNIK 35 CM &#8211; GAP &#8211; kos"},"content":{"rendered":"<p>vi\u0161ina=347 mm<\/p>\n<p>\u0161irina= 179 mm<\/p>\n<p>te\u017ea= 2 kg<\/p>\n","protected":false},"excerpt":{"rendered":"<p>Linija Gap se pona\u0161a s preprosto obliko in prelivanjem barv in detajlov. Prefinjene barve in precizni brusi ustvarjajo mo\u010dan in oster kontrast med razli\u010dnimi elementi prostora. Linija Gap predstavlja minimalisti\u010dno dekoracijo elegantne funkcionalne zasnove in se opira na tradicijo ro\u010dnega oblikovanja stekla.<\/p>\n","protected":false},"featured_media":6128,"comment_status":"closed","ping_status":"closed","template":"","meta":[],"product_brand":[],"product_cat":[916,921,919,942,944],"product_tag":[482,447],"class_list":{"0":"post-6148","1":"product","2":"type-product","3":"status-publish","4":"has-post-thumbnail","6":"product_cat-darilni-program-2","7":"product_cat-darila-zanjo","8":"product_cat-poslovna-darila","9":"product_cat-krozniki-in-pladnji","10":"product_cat-pladnji","11":"product_tag-gap","12":"product_tag-kroznik-za-pecivo","14":"first","15":"outofstock","16":"shipping-taxable","17":"purchasable","18":"product-type-simple"},"_links":{"self":[{"href":"https:\/\/steklarna-rogaska.si\/ru\/wp-json\/wp\/v2\/product\/6148","targetHints":{"allow":["GET"]}}],"collection":[{"href":"https:\/\/steklarna-rogaska.si\/ru\/wp-json\/wp\/v2\/product"}],"about":[{"href":"https:\/\/steklarna-rogaska.si\/ru\/wp-json\/wp\/v2\/types\/product"}],"replies":[{"embeddable":true,"href":"https:\/\/steklarna-rogaska.si\/ru\/wp-json\/wp\/v2\/comments?post=6148"}],"wp:featuredmedia":[{"embeddable":true,"href":"https:\/\/steklarna-rogaska.si\/ru\/wp-json\/wp\/v2\/media\/6128"}],"wp:attachment":[{"href":"https:\/\/steklarna-rogaska.si\/ru\/wp-json\/wp\/v2\/media?parent=6148"}],"wp:term":[{"taxonomy":"product_brand","embeddable":true,"href":"https:\/\/steklarna-rogaska.si\/ru\/wp-json\/wp\/v2\/product_brand?post=6148"},{"taxonomy":"product_cat","embeddable":true,"href":"https:\/\/steklarna-rogaska.si\/ru\/wp-json\/wp\/v2\/product_cat?post=6148"},{"taxonomy":"product_tag","embeddable":true,"href":"https:\/\/steklarna-rogaska.si\/ru\/wp-json\/wp\/v2\/product_tag?post=6148"}],"curies":[{"name":"wp","href":"https:\/\/api.w.org\/{rel}","templated":true}]}}