{"id":6115,"date":"2020-04-23T15:37:10","date_gmt":"2020-04-23T15:37:10","guid":{"rendered":"https:\/\/steklarna-rogaska.si\/?post_type=product&#038;p=6115"},"modified":"2026-05-04T06:48:52","modified_gmt":"2026-05-04T06:48:52","slug":"crystallization-kroznik","status":"publish","type":"product","link":"https:\/\/steklarna-rogaska.si\/ru\/product\/crystallization-kroznik\/","title":{"rendered":"KRO\u017dNIK 32X23 CM &#8211; CRYSTALLIZATION &#8211; kos"},"content":{"rendered":"<p>vi\u0161ina=322 mm<\/p>\n<p>\u0161irina=234 mm<\/p>\n<p>te\u017ea= 3,4 kg<\/p>\n","protected":false},"excerpt":{"rendered":"<p>Serija pripoveduje o milijonu kristalov, ki gradijo vsak izdelek Steklarne Roga\u0161ka in ob stiku s svetlobo ustvarijo najbolj \u017eive odseve. Vaza in skleda bosta zagotovo priljubljeni pri mlaj\u0161ih generacijah, ki prepoznajo dinami\u010dne trikotne vzorce v sodobni umetnosti in oblikovanju. Idealno v minimalisti\u010dnih urbanih ambientih in razko\u0161nih metropolitanskih okoljih.<\/p>\n","protected":false},"featured_media":6116,"comment_status":"closed","ping_status":"closed","template":"","meta":[],"product_brand":[],"product_cat":[916,920,919,996,942,943,944],"product_tag":[],"class_list":{"0":"post-6115","1":"product","2":"type-product","3":"status-publish","4":"has-post-thumbnail","6":"product_cat-darilni-program-2","7":"product_cat-porocna-darila","8":"product_cat-poslovna-darila","9":"product_cat-praznicna-ponudba","10":"product_cat-krozniki-in-pladnji","11":"product_cat-krozniki","12":"product_cat-pladnji","14":"first","15":"instock","16":"shipping-taxable","17":"purchasable","18":"product-type-simple"},"_links":{"self":[{"href":"https:\/\/steklarna-rogaska.si\/ru\/wp-json\/wp\/v2\/product\/6115","targetHints":{"allow":["GET"]}}],"collection":[{"href":"https:\/\/steklarna-rogaska.si\/ru\/wp-json\/wp\/v2\/product"}],"about":[{"href":"https:\/\/steklarna-rogaska.si\/ru\/wp-json\/wp\/v2\/types\/product"}],"replies":[{"embeddable":true,"href":"https:\/\/steklarna-rogaska.si\/ru\/wp-json\/wp\/v2\/comments?post=6115"}],"wp:featuredmedia":[{"embeddable":true,"href":"https:\/\/steklarna-rogaska.si\/ru\/wp-json\/wp\/v2\/media\/6116"}],"wp:attachment":[{"href":"https:\/\/steklarna-rogaska.si\/ru\/wp-json\/wp\/v2\/media?parent=6115"}],"wp:term":[{"taxonomy":"product_brand","embeddable":true,"href":"https:\/\/steklarna-rogaska.si\/ru\/wp-json\/wp\/v2\/product_brand?post=6115"},{"taxonomy":"product_cat","embeddable":true,"href":"https:\/\/steklarna-rogaska.si\/ru\/wp-json\/wp\/v2\/product_cat?post=6115"},{"taxonomy":"product_tag","embeddable":true,"href":"https:\/\/steklarna-rogaska.si\/ru\/wp-json\/wp\/v2\/product_tag?post=6115"}],"curies":[{"name":"wp","href":"https:\/\/api.w.org\/{rel}","templated":true}]}}