{"id":6113,"date":"2020-04-23T15:33:26","date_gmt":"2020-04-23T15:33:26","guid":{"rendered":"https:\/\/steklarna-rogaska.si\/?post_type=product&#038;p=6113"},"modified":"2026-04-20T07:03:45","modified_gmt":"2026-04-20T07:03:45","slug":"crystallization-skleda-21-cm","status":"publish","type":"product","link":"https:\/\/steklarna-rogaska.si\/ru\/product\/crystallization-skleda-21-cm\/","title":{"rendered":"SKLEDA 21 CM &#8211; CRYSTALLIZATION &#8211; kos"},"content":{"rendered":"<p>vi\u0161ina= 111 mm<\/p>\n<p>\u0161irina=211 mm<\/p>\n<p>te\u017ea= 5,4 kg<\/p>\n","protected":false},"excerpt":{"rendered":"<p>Serija pripoveduje o milijonu kristalov, ki gradijo vsak izdelek Steklarne Roga\u0161ka in ob stiku s svetlobo ustvarijo najbolj \u017eive odseve. Vaza in skleda bosta zagotovo priljubljeni pri mlaj\u0161ih generacijah, ki prepoznajo dinami\u010dne trikotne vzorce v sodobni umetnosti in oblikovanju. Idealno v minimalisti\u010dnih urbanih ambientih in razko\u0161nih metropolitanskih okoljih.<\/p>\n","protected":false},"featured_media":6111,"comment_status":"closed","ping_status":"closed","template":"","meta":[],"product_brand":[],"product_cat":[946,947],"product_tag":[],"class_list":{"0":"post-6113","1":"product","2":"type-product","3":"status-publish","4":"has-post-thumbnail","6":"product_cat-sklede-2","7":"product_cat-sklede-za-sadje-2","9":"first","10":"instock","11":"shipping-taxable","12":"purchasable","13":"product-type-simple"},"_links":{"self":[{"href":"https:\/\/steklarna-rogaska.si\/ru\/wp-json\/wp\/v2\/product\/6113","targetHints":{"allow":["GET"]}}],"collection":[{"href":"https:\/\/steklarna-rogaska.si\/ru\/wp-json\/wp\/v2\/product"}],"about":[{"href":"https:\/\/steklarna-rogaska.si\/ru\/wp-json\/wp\/v2\/types\/product"}],"replies":[{"embeddable":true,"href":"https:\/\/steklarna-rogaska.si\/ru\/wp-json\/wp\/v2\/comments?post=6113"}],"wp:featuredmedia":[{"embeddable":true,"href":"https:\/\/steklarna-rogaska.si\/ru\/wp-json\/wp\/v2\/media\/6111"}],"wp:attachment":[{"href":"https:\/\/steklarna-rogaska.si\/ru\/wp-json\/wp\/v2\/media?parent=6113"}],"wp:term":[{"taxonomy":"product_brand","embeddable":true,"href":"https:\/\/steklarna-rogaska.si\/ru\/wp-json\/wp\/v2\/product_brand?post=6113"},{"taxonomy":"product_cat","embeddable":true,"href":"https:\/\/steklarna-rogaska.si\/ru\/wp-json\/wp\/v2\/product_cat?post=6113"},{"taxonomy":"product_tag","embeddable":true,"href":"https:\/\/steklarna-rogaska.si\/ru\/wp-json\/wp\/v2\/product_tag?post=6113"}],"curies":[{"name":"wp","href":"https:\/\/api.w.org\/{rel}","templated":true}]}}