{"id":6092,"date":"2020-04-23T14:57:25","date_gmt":"2020-04-23T14:57:25","guid":{"rendered":"https:\/\/steklarna-rogaska.si\/?post_type=product&#038;p=6092"},"modified":"2026-04-14T05:12:51","modified_gmt":"2026-04-14T05:12:51","slug":"armonia-degustacijski-kozarec-set-2","status":"publish","type":"product","link":"https:\/\/steklarna-rogaska.si\/ru\/product\/armonia-degustacijski-kozarec-set-2\/","title":{"rendered":"KOZAREC ZA DEGUSTACIJE &#8211; ARMONIA &#8211; set 2 kos"},"content":{"rendered":"<p>Degustacijski kozarec v seriji Armonia je pravzaprav &#8220;ve\u010dopravilni&#8221; kozarec. Z veliko \u010da\u0161o je prav\u0161nji tako za rde\u010da kot bela vina, na slavnostnih pogrinjkih pa nastopa tudi kot kelih za vodo.<\/p>\n<p>&nbsp;<\/p>\n<p>vi\u0161ina=234 mm<\/p>\n<p>\u0161irina= 102 mm<\/p>\n<p>vol.=520 ml<\/p>\n<p>te\u017ea= 0,18 kg<\/p>\n<p>&nbsp;<\/p>\n<p>&nbsp;<\/p>\n","protected":false},"excerpt":{"rendered":"<p>Posebnost serije Armonia je inovatino ugreznjeno dno, ki poskrbi, da vino razvije svojo pravo aromo kar dvakrat hitreje kot v obi\u010dajnem kelihu.<\/p>\n","protected":false},"featured_media":6086,"comment_status":"closed","ping_status":"closed","template":"","meta":[],"product_brand":[],"product_cat":[916,922,921,920,919,996,924,925,284,910],"product_tag":[242,481,972,973,971,976,463,467],"class_list":{"0":"post-6092","1":"product","2":"type-product","3":"status-publish","4":"has-post-thumbnail","6":"product_cat-darilni-program-2","7":"product_cat-darila-zanj","8":"product_cat-darila-zanjo","9":"product_cat-porocna-darila","10":"product_cat-poslovna-darila","11":"product_cat-praznicna-ponudba","12":"product_cat-kozarci-2","13":"product_cat-kozarci-za-vino-2","14":"product_cat-vinski-program-default-group","15":"product_cat-kozarci-za-vino","16":"product_tag-armonia","17":"product_tag-degustacijski-kelih","18":"product_tag-kelih-za-vino","19":"product_tag-kozarec-za-vino","20":"product_tag-vinski-kelih","21":"product_tag-vinski-kozarec","22":"product_tag-za-vino","23":"product_tag-za-vodo","25":"first","26":"instock","27":"shipping-taxable","28":"purchasable","29":"product-type-simple"},"_links":{"self":[{"href":"https:\/\/steklarna-rogaska.si\/ru\/wp-json\/wp\/v2\/product\/6092","targetHints":{"allow":["GET"]}}],"collection":[{"href":"https:\/\/steklarna-rogaska.si\/ru\/wp-json\/wp\/v2\/product"}],"about":[{"href":"https:\/\/steklarna-rogaska.si\/ru\/wp-json\/wp\/v2\/types\/product"}],"replies":[{"embeddable":true,"href":"https:\/\/steklarna-rogaska.si\/ru\/wp-json\/wp\/v2\/comments?post=6092"}],"wp:featuredmedia":[{"embeddable":true,"href":"https:\/\/steklarna-rogaska.si\/ru\/wp-json\/wp\/v2\/media\/6086"}],"wp:attachment":[{"href":"https:\/\/steklarna-rogaska.si\/ru\/wp-json\/wp\/v2\/media?parent=6092"}],"wp:term":[{"taxonomy":"product_brand","embeddable":true,"href":"https:\/\/steklarna-rogaska.si\/ru\/wp-json\/wp\/v2\/product_brand?post=6092"},{"taxonomy":"product_cat","embeddable":true,"href":"https:\/\/steklarna-rogaska.si\/ru\/wp-json\/wp\/v2\/product_cat?post=6092"},{"taxonomy":"product_tag","embeddable":true,"href":"https:\/\/steklarna-rogaska.si\/ru\/wp-json\/wp\/v2\/product_tag?post=6092"}],"curies":[{"name":"wp","href":"https:\/\/api.w.org\/{rel}","templated":true}]}}