{"id":4084,"date":"2019-12-28T09:31:30","date_gmt":"2019-12-28T09:31:30","guid":{"rendered":"https:\/\/steklarna-rogaska.si\/product\/import-placeholder-for-2572\/"},"modified":"2026-04-13T06:59:47","modified_gmt":"2026-04-13T06:59:47","slug":"olymp-ice-bucket","status":"publish","type":"product","link":"https:\/\/steklarna-rogaska.si\/ru\/product\/olymp-ice-bucket\/","title":{"rendered":"POSODA ZA LED &#8211; OLYMP &#8211; kos"},"content":{"rendered":"<p>vi\u0161ina = 153 mm<br \/>\n\u0161irina = 138 mm<br \/>\nte\u017ea = 2,0 kg<\/p>\n","protected":false},"excerpt":{"rendered":"<p>vi\u0161ina = 153 mm \u0161irina = 138 mm te\u017ea = 2,0 kg<\/p>\n","protected":false},"featured_media":4134,"comment_status":"closed","ping_status":"closed","template":"","meta":[],"product_brand":[],"product_cat":[196,444,284,453],"product_tag":[178,459,475],"class_list":{"0":"post-4084","1":"product","2":"type-product","3":"status-publish","4":"has-post-thumbnail","6":"product_cat-barski-program","7":"product_cat-posoda-za-hlajenje","8":"product_cat-vinski-program-default-group","9":"product_cat-posode-za-led-2","10":"product_tag-olymp","11":"product_tag-za-hlajenje-pijace","12":"product_tag-za-led","14":"first","15":"instock","16":"shipping-taxable","17":"purchasable","18":"product-type-simple"},"_links":{"self":[{"href":"https:\/\/steklarna-rogaska.si\/ru\/wp-json\/wp\/v2\/product\/4084","targetHints":{"allow":["GET"]}}],"collection":[{"href":"https:\/\/steklarna-rogaska.si\/ru\/wp-json\/wp\/v2\/product"}],"about":[{"href":"https:\/\/steklarna-rogaska.si\/ru\/wp-json\/wp\/v2\/types\/product"}],"replies":[{"embeddable":true,"href":"https:\/\/steklarna-rogaska.si\/ru\/wp-json\/wp\/v2\/comments?post=4084"}],"wp:featuredmedia":[{"embeddable":true,"href":"https:\/\/steklarna-rogaska.si\/ru\/wp-json\/wp\/v2\/media\/4134"}],"wp:attachment":[{"href":"https:\/\/steklarna-rogaska.si\/ru\/wp-json\/wp\/v2\/media?parent=4084"}],"wp:term":[{"taxonomy":"product_brand","embeddable":true,"href":"https:\/\/steklarna-rogaska.si\/ru\/wp-json\/wp\/v2\/product_brand?post=4084"},{"taxonomy":"product_cat","embeddable":true,"href":"https:\/\/steklarna-rogaska.si\/ru\/wp-json\/wp\/v2\/product_cat?post=4084"},{"taxonomy":"product_tag","embeddable":true,"href":"https:\/\/steklarna-rogaska.si\/ru\/wp-json\/wp\/v2\/product_tag?post=4084"}],"curies":[{"name":"wp","href":"https:\/\/api.w.org\/{rel}","templated":true}]}}