{"id":4070,"date":"2019-12-28T09:31:08","date_gmt":"2019-12-28T09:31:08","guid":{"rendered":"https:\/\/steklarna-rogaska.si\/product\/import-placeholder-for-2566\/"},"modified":"2026-04-13T07:03:07","modified_gmt":"2026-04-13T07:03:07","slug":"olymp-dof-set-of-2","status":"publish","type":"product","link":"https:\/\/steklarna-rogaska.si\/ru\/product\/olymp-dof-set-of-2\/","title":{"rendered":"DOF KOZAREC ZA VISKI &#8211; OLYMP &#8211; set 2 kos"},"content":{"rendered":"<p>vi\u0161ina = 98 mm<br \/>\n\u0161irina = 84 mm<br \/>\nte\u017ea = 0,4 kg<\/p>\n","protected":false},"excerpt":{"rendered":"<p>vi\u0161ina = 98 mm \u0161irina = 84 mm te\u017ea = 0,4 kg<\/p>\n","protected":false},"featured_media":4119,"comment_status":"closed","ping_status":"closed","template":"","meta":[],"product_brand":[],"product_cat":[196,905,924,928],"product_tag":[178,458,467,478],"class_list":{"0":"post-4070","1":"product","2":"type-product","3":"status-publish","4":"has-post-thumbnail","6":"product_cat-barski-program","7":"product_cat-kozarci-za-viski","8":"product_cat-kozarci-2","9":"product_cat-kozarci-za-viski-2","10":"product_tag-olymp","11":"product_tag-za-mesane-pijace","12":"product_tag-za-vodo","13":"product_tag-za-zgane-pijace","15":"first","16":"instock","17":"shipping-taxable","18":"purchasable","19":"product-type-simple"},"_links":{"self":[{"href":"https:\/\/steklarna-rogaska.si\/ru\/wp-json\/wp\/v2\/product\/4070","targetHints":{"allow":["GET"]}}],"collection":[{"href":"https:\/\/steklarna-rogaska.si\/ru\/wp-json\/wp\/v2\/product"}],"about":[{"href":"https:\/\/steklarna-rogaska.si\/ru\/wp-json\/wp\/v2\/types\/product"}],"replies":[{"embeddable":true,"href":"https:\/\/steklarna-rogaska.si\/ru\/wp-json\/wp\/v2\/comments?post=4070"}],"wp:featuredmedia":[{"embeddable":true,"href":"https:\/\/steklarna-rogaska.si\/ru\/wp-json\/wp\/v2\/media\/4119"}],"wp:attachment":[{"href":"https:\/\/steklarna-rogaska.si\/ru\/wp-json\/wp\/v2\/media?parent=4070"}],"wp:term":[{"taxonomy":"product_brand","embeddable":true,"href":"https:\/\/steklarna-rogaska.si\/ru\/wp-json\/wp\/v2\/product_brand?post=4070"},{"taxonomy":"product_cat","embeddable":true,"href":"https:\/\/steklarna-rogaska.si\/ru\/wp-json\/wp\/v2\/product_cat?post=4070"},{"taxonomy":"product_tag","embeddable":true,"href":"https:\/\/steklarna-rogaska.si\/ru\/wp-json\/wp\/v2\/product_tag?post=4070"}],"curies":[{"name":"wp","href":"https:\/\/api.w.org\/{rel}","templated":true}]}}