{"id":4065,"date":"2019-12-28T09:31:08","date_gmt":"2019-12-28T09:31:08","guid":{"rendered":"https:\/\/steklarna-rogaska.si\/product\/import-placeholder-for-2561\/"},"modified":"2026-04-13T06:41:46","modified_gmt":"2026-04-13T06:41:46","slug":"olymp-kozarec-za-rdece-vino-set-2-2","status":"publish","type":"product","link":"https:\/\/steklarna-rogaska.si\/ru\/product\/olymp-kozarec-za-rdece-vino-set-2-2\/","title":{"rendered":"KOZAREC ZA RDE\u010cE VINO &#8211; OLYMP &#8211; set 2 kos"},"content":{"rendered":"<p>vi\u0161ina = 230 mm<br \/>\n\u0161irina = 90 mm<br \/>\nte\u017ea = 0,4 kg<\/p>\n","protected":false},"excerpt":{"rendered":"<p>vi\u0161ina = 230 mm \u0161irina = 90 mm te\u017ea = 0,4 kg<\/p>\n","protected":false},"featured_media":11599,"comment_status":"closed","ping_status":"open","template":"","meta":[],"product_brand":[],"product_cat":[916,919,996,924,925,284,910],"product_tag":[972,973,178,971,976,454],"class_list":{"0":"post-4065","1":"product","2":"type-product","3":"status-publish","4":"has-post-thumbnail","6":"product_cat-darilni-program-2","7":"product_cat-poslovna-darila","8":"product_cat-praznicna-ponudba","9":"product_cat-kozarci-2","10":"product_cat-kozarci-za-vino-2","11":"product_cat-vinski-program-default-group","12":"product_cat-kozarci-za-vino","13":"product_tag-kelih-za-vino","14":"product_tag-kozarec-za-vino","15":"product_tag-olymp","16":"product_tag-vinski-kelih","17":"product_tag-vinski-kozarec","18":"product_tag-za-rdece-vino","20":"first","21":"instock","22":"shipping-taxable","23":"purchasable","24":"product-type-simple"},"_links":{"self":[{"href":"https:\/\/steklarna-rogaska.si\/ru\/wp-json\/wp\/v2\/product\/4065","targetHints":{"allow":["GET"]}}],"collection":[{"href":"https:\/\/steklarna-rogaska.si\/ru\/wp-json\/wp\/v2\/product"}],"about":[{"href":"https:\/\/steklarna-rogaska.si\/ru\/wp-json\/wp\/v2\/types\/product"}],"replies":[{"embeddable":true,"href":"https:\/\/steklarna-rogaska.si\/ru\/wp-json\/wp\/v2\/comments?post=4065"}],"wp:featuredmedia":[{"embeddable":true,"href":"https:\/\/steklarna-rogaska.si\/ru\/wp-json\/wp\/v2\/media\/11599"}],"wp:attachment":[{"href":"https:\/\/steklarna-rogaska.si\/ru\/wp-json\/wp\/v2\/media?parent=4065"}],"wp:term":[{"taxonomy":"product_brand","embeddable":true,"href":"https:\/\/steklarna-rogaska.si\/ru\/wp-json\/wp\/v2\/product_brand?post=4065"},{"taxonomy":"product_cat","embeddable":true,"href":"https:\/\/steklarna-rogaska.si\/ru\/wp-json\/wp\/v2\/product_cat?post=4065"},{"taxonomy":"product_tag","embeddable":true,"href":"https:\/\/steklarna-rogaska.si\/ru\/wp-json\/wp\/v2\/product_tag?post=4065"}],"curies":[{"name":"wp","href":"https:\/\/api.w.org\/{rel}","templated":true}]}}