{"id":4064,"date":"2019-12-28T09:31:08","date_gmt":"2019-12-28T09:31:08","guid":{"rendered":"https:\/\/steklarna-rogaska.si\/product\/import-placeholder-for-2560\/"},"modified":"2026-04-13T07:00:27","modified_gmt":"2026-04-13T07:00:27","slug":"olymp-kozarec-za-belo-vino-set-2","status":"publish","type":"product","link":"https:\/\/steklarna-rogaska.si\/ru\/product\/olymp-kozarec-za-belo-vino-set-2\/","title":{"rendered":"KOZAREC ZA BELO VINO &#8211; OLYMP &#8211; set 2 kos"},"content":{"rendered":"<p>vi\u0161ina = 229 mm<br \/>\n\u0161irina = 78 mm<br \/>\nte\u017ea = 0,28 kg<\/p>\n","protected":false},"excerpt":{"rendered":"<p>vi\u0161ina = 229 mm \u0161irina = 78 mm te\u017ea = 0,28 kg<\/p>\n","protected":false},"featured_media":4113,"comment_status":"closed","ping_status":"closed","template":"","meta":[],"product_brand":[],"product_cat":[924,925,284,910],"product_tag":[972,973,178,971,976,454,463],"class_list":{"0":"post-4064","1":"product","2":"type-product","3":"status-publish","4":"has-post-thumbnail","6":"product_cat-kozarci-2","7":"product_cat-kozarci-za-vino-2","8":"product_cat-vinski-program-default-group","9":"product_cat-kozarci-za-vino","10":"product_tag-kelih-za-vino","11":"product_tag-kozarec-za-vino","12":"product_tag-olymp","13":"product_tag-vinski-kelih","14":"product_tag-vinski-kozarec","15":"product_tag-za-rdece-vino","16":"product_tag-za-vino","18":"first","19":"instock","20":"shipping-taxable","21":"purchasable","22":"product-type-simple"},"_links":{"self":[{"href":"https:\/\/steklarna-rogaska.si\/ru\/wp-json\/wp\/v2\/product\/4064","targetHints":{"allow":["GET"]}}],"collection":[{"href":"https:\/\/steklarna-rogaska.si\/ru\/wp-json\/wp\/v2\/product"}],"about":[{"href":"https:\/\/steklarna-rogaska.si\/ru\/wp-json\/wp\/v2\/types\/product"}],"replies":[{"embeddable":true,"href":"https:\/\/steklarna-rogaska.si\/ru\/wp-json\/wp\/v2\/comments?post=4064"}],"wp:featuredmedia":[{"embeddable":true,"href":"https:\/\/steklarna-rogaska.si\/ru\/wp-json\/wp\/v2\/media\/4113"}],"wp:attachment":[{"href":"https:\/\/steklarna-rogaska.si\/ru\/wp-json\/wp\/v2\/media?parent=4064"}],"wp:term":[{"taxonomy":"product_brand","embeddable":true,"href":"https:\/\/steklarna-rogaska.si\/ru\/wp-json\/wp\/v2\/product_brand?post=4064"},{"taxonomy":"product_cat","embeddable":true,"href":"https:\/\/steklarna-rogaska.si\/ru\/wp-json\/wp\/v2\/product_cat?post=4064"},{"taxonomy":"product_tag","embeddable":true,"href":"https:\/\/steklarna-rogaska.si\/ru\/wp-json\/wp\/v2\/product_tag?post=4064"}],"curies":[{"name":"wp","href":"https:\/\/api.w.org\/{rel}","templated":true}]}}