{"id":4050,"date":"2019-12-28T09:30:45","date_gmt":"2019-12-28T09:30:45","guid":{"rendered":"https:\/\/steklarna-rogaska.si\/product\/import-placeholder-for-2556\/"},"modified":"2026-04-14T05:24:08","modified_gmt":"2026-04-14T05:24:08","slug":"olymp-vase-25-cm-2","status":"publish","type":"product","link":"https:\/\/steklarna-rogaska.si\/ru\/product\/olymp-vase-25-cm-2\/","title":{"rendered":"VAZA 25 CM &#8211; OLYMP &#8211; kos"},"content":{"rendered":"<p>vi\u0161ina = 252 mm<br \/>\n\u0161irina = 138 mm<br \/>\nte\u017ea = 3,0 kg<\/p>\n","protected":false},"excerpt":{"rendered":"<p>vi\u0161ina = 252 mm \u0161irina = 138 mm te\u017ea = 3,0 kg<\/p>\n","protected":false},"featured_media":4099,"comment_status":"closed","ping_status":"closed","template":"","meta":[],"product_brand":[],"product_cat":[950],"product_tag":[178,441,439],"class_list":{"0":"post-4050","1":"product","2":"type-product","3":"status-publish","4":"has-post-thumbnail","6":"product_cat-vaza","7":"product_tag-olymp","8":"product_tag-porocna-darila","9":"product_tag-poroka","11":"first","12":"instock","13":"shipping-taxable","14":"purchasable","15":"product-type-simple"},"_links":{"self":[{"href":"https:\/\/steklarna-rogaska.si\/ru\/wp-json\/wp\/v2\/product\/4050","targetHints":{"allow":["GET"]}}],"collection":[{"href":"https:\/\/steklarna-rogaska.si\/ru\/wp-json\/wp\/v2\/product"}],"about":[{"href":"https:\/\/steklarna-rogaska.si\/ru\/wp-json\/wp\/v2\/types\/product"}],"replies":[{"embeddable":true,"href":"https:\/\/steklarna-rogaska.si\/ru\/wp-json\/wp\/v2\/comments?post=4050"}],"wp:featuredmedia":[{"embeddable":true,"href":"https:\/\/steklarna-rogaska.si\/ru\/wp-json\/wp\/v2\/media\/4099"}],"wp:attachment":[{"href":"https:\/\/steklarna-rogaska.si\/ru\/wp-json\/wp\/v2\/media?parent=4050"}],"wp:term":[{"taxonomy":"product_brand","embeddable":true,"href":"https:\/\/steklarna-rogaska.si\/ru\/wp-json\/wp\/v2\/product_brand?post=4050"},{"taxonomy":"product_cat","embeddable":true,"href":"https:\/\/steklarna-rogaska.si\/ru\/wp-json\/wp\/v2\/product_cat?post=4050"},{"taxonomy":"product_tag","embeddable":true,"href":"https:\/\/steklarna-rogaska.si\/ru\/wp-json\/wp\/v2\/product_tag?post=4050"}],"curies":[{"name":"wp","href":"https:\/\/api.w.org\/{rel}","templated":true}]}}