{"id":4046,"date":"2019-12-28T09:30:45","date_gmt":"2019-12-28T09:30:45","guid":{"rendered":"https:\/\/steklarna-rogaska.si\/product\/import-placeholder-for-2532\/"},"modified":"2026-04-14T05:12:39","modified_gmt":"2026-04-14T05:12:39","slug":"snowman-set-of-2","status":"publish","type":"product","link":"https:\/\/steklarna-rogaska.si\/ru\/product\/snowman-set-of-2\/","title":{"rendered":"OKRASEK ZA JELKO &#8211; SNE\u017dAK &#8211; ORNAMENTS &#8211; set 2 kos"},"content":{"rendered":"<p>vi\u0161ina = 70 mm<br \/>\n\u0161irina = 42 mm<br \/>\nte\u017ea = 0,07 kg<\/p>\n","protected":false},"excerpt":{"rendered":"<p>vi\u0161ina = 70 mm \u0161irina = 42 mm te\u017ea = 0,07 kg<\/p>\n","protected":false},"featured_media":4095,"comment_status":"closed","ping_status":"closed","template":"","meta":[],"product_brand":[],"product_cat":[953,954,916,923,919,996],"product_tag":[187,442,452],"class_list":{"0":"post-4046","1":"product","2":"type-product","3":"status-publish","4":"has-post-thumbnail","6":"product_cat-bozicna-dekoracija","7":"product_cat-okraski-za-jelko","8":"product_cat-darilni-program-2","9":"product_cat-drobne-pozornosti","10":"product_cat-poslovna-darila","11":"product_cat-praznicna-ponudba","12":"product_tag-ornaments","13":"product_tag-praznicna-darila","14":"product_tag-praznovanje","16":"first","17":"outofstock","18":"shipping-taxable","19":"purchasable","20":"product-type-simple"},"_links":{"self":[{"href":"https:\/\/steklarna-rogaska.si\/ru\/wp-json\/wp\/v2\/product\/4046","targetHints":{"allow":["GET"]}}],"collection":[{"href":"https:\/\/steklarna-rogaska.si\/ru\/wp-json\/wp\/v2\/product"}],"about":[{"href":"https:\/\/steklarna-rogaska.si\/ru\/wp-json\/wp\/v2\/types\/product"}],"replies":[{"embeddable":true,"href":"https:\/\/steklarna-rogaska.si\/ru\/wp-json\/wp\/v2\/comments?post=4046"}],"wp:featuredmedia":[{"embeddable":true,"href":"https:\/\/steklarna-rogaska.si\/ru\/wp-json\/wp\/v2\/media\/4095"}],"wp:attachment":[{"href":"https:\/\/steklarna-rogaska.si\/ru\/wp-json\/wp\/v2\/media?parent=4046"}],"wp:term":[{"taxonomy":"product_brand","embeddable":true,"href":"https:\/\/steklarna-rogaska.si\/ru\/wp-json\/wp\/v2\/product_brand?post=4046"},{"taxonomy":"product_cat","embeddable":true,"href":"https:\/\/steklarna-rogaska.si\/ru\/wp-json\/wp\/v2\/product_cat?post=4046"},{"taxonomy":"product_tag","embeddable":true,"href":"https:\/\/steklarna-rogaska.si\/ru\/wp-json\/wp\/v2\/product_tag?post=4046"}],"curies":[{"name":"wp","href":"https:\/\/api.w.org\/{rel}","templated":true}]}}