{"id":4044,"date":"2019-12-28T09:30:44","date_gmt":"2019-12-28T09:30:44","guid":{"rendered":"https:\/\/steklarna-rogaska.si\/product\/import-placeholder-for-2530\/"},"modified":"2026-04-20T06:38:29","modified_gmt":"2026-04-20T06:38:29","slug":"snowflake-2","status":"publish","type":"product","link":"https:\/\/steklarna-rogaska.si\/ru\/product\/snowflake-2\/","title":{"rendered":"OKRASEK ZA JELKO &#8211; SNE\u017dINKA &#8211; SNE\u017dINKA &#8211; kos"},"content":{"rendered":"<p>Naj majhna kristalna pozornost postane dragocen spomin na prazni\u010den \u010das. Kristalni okraski na novoletni jelki bodo ustvarili \u010dudoviti preplet prazni\u010dnih lu\u010dk in ostalih barvnih okraskov.<\/p>\n<p>vi\u0161ina = 80 mm<br \/>\n\u0161irina = 69 mm<br \/>\nte\u017ea = 0,04 kg<\/p>\n","protected":false},"excerpt":{"rendered":"<p>Naj majhna kristalna pozornost postane dragocen spomin na prazni\u010den \u010das. Kristalni okraski na novoletni jelki bodo ustvarili \u010dudoviti preplet prazni\u010dnih lu\u010dk in ostalih barvnih okraskov. [&hellip;]<\/p>\n","protected":false},"featured_media":4093,"comment_status":"closed","ping_status":"open","template":"","meta":[],"product_brand":[],"product_cat":[953,954,916,919,996],"product_tag":[187,442,452],"class_list":{"0":"post-4044","1":"product","2":"type-product","3":"status-publish","4":"has-post-thumbnail","6":"product_cat-bozicna-dekoracija","7":"product_cat-okraski-za-jelko","8":"product_cat-darilni-program-2","9":"product_cat-poslovna-darila","10":"product_cat-praznicna-ponudba","11":"product_tag-ornaments","12":"product_tag-praznicna-darila","13":"product_tag-praznovanje","15":"first","16":"instock","17":"shipping-taxable","18":"purchasable","19":"product-type-simple"},"_links":{"self":[{"href":"https:\/\/steklarna-rogaska.si\/ru\/wp-json\/wp\/v2\/product\/4044","targetHints":{"allow":["GET"]}}],"collection":[{"href":"https:\/\/steklarna-rogaska.si\/ru\/wp-json\/wp\/v2\/product"}],"about":[{"href":"https:\/\/steklarna-rogaska.si\/ru\/wp-json\/wp\/v2\/types\/product"}],"replies":[{"embeddable":true,"href":"https:\/\/steklarna-rogaska.si\/ru\/wp-json\/wp\/v2\/comments?post=4044"}],"wp:featuredmedia":[{"embeddable":true,"href":"https:\/\/steklarna-rogaska.si\/ru\/wp-json\/wp\/v2\/media\/4093"}],"wp:attachment":[{"href":"https:\/\/steklarna-rogaska.si\/ru\/wp-json\/wp\/v2\/media?parent=4044"}],"wp:term":[{"taxonomy":"product_brand","embeddable":true,"href":"https:\/\/steklarna-rogaska.si\/ru\/wp-json\/wp\/v2\/product_brand?post=4044"},{"taxonomy":"product_cat","embeddable":true,"href":"https:\/\/steklarna-rogaska.si\/ru\/wp-json\/wp\/v2\/product_cat?post=4044"},{"taxonomy":"product_tag","embeddable":true,"href":"https:\/\/steklarna-rogaska.si\/ru\/wp-json\/wp\/v2\/product_tag?post=4044"}],"curies":[{"name":"wp","href":"https:\/\/api.w.org\/{rel}","templated":true}]}}