{"id":3990,"date":"2025-05-06T05:29:34","date_gmt":"2025-05-06T05:29:34","guid":{"rendered":"https:\/\/steklarna-rogaska.si\/product\/import-placeholder-for-2490\/"},"modified":"2026-04-14T05:24:09","modified_gmt":"2026-04-14T05:24:09","slug":"skylight-vase-21-cm-2","status":"publish","type":"product","link":"https:\/\/steklarna-rogaska.si\/ru\/product\/skylight-vase-21-cm-2\/","title":{"rendered":"VAZA 21 CM &#8211; SKYLIGHT &#8211; kos"},"content":{"rendered":"<p><span style=\"color: #868686;\">vi\u0161ina = 210 mm<\/span><\/p>\n<p>\u0161irina = 72 mm<br \/>\nte\u017ea = 1.3 kg<\/p>\n","protected":false},"excerpt":{"rendered":"<p>vi\u0161ina = 210 mm \u0161irina = 72 mm te\u017ea = 1.3 kg<\/p>\n","protected":false},"featured_media":4039,"comment_status":"closed","ping_status":"closed","template":"","meta":[],"product_brand":[],"product_cat":[1400,950],"product_tag":[441,442,433],"class_list":{"0":"post-3990","1":"product","2":"type-product","3":"status-publish","4":"has-post-thumbnail","6":"product_cat-posebna-ponudba","7":"product_cat-vaza","8":"product_tag-porocna-darila","9":"product_tag-praznicna-darila","10":"product_tag-skylight","12":"first","13":"outofstock","14":"shipping-taxable","15":"purchasable","16":"product-type-simple"},"_links":{"self":[{"href":"https:\/\/steklarna-rogaska.si\/ru\/wp-json\/wp\/v2\/product\/3990","targetHints":{"allow":["GET"]}}],"collection":[{"href":"https:\/\/steklarna-rogaska.si\/ru\/wp-json\/wp\/v2\/product"}],"about":[{"href":"https:\/\/steklarna-rogaska.si\/ru\/wp-json\/wp\/v2\/types\/product"}],"replies":[{"embeddable":true,"href":"https:\/\/steklarna-rogaska.si\/ru\/wp-json\/wp\/v2\/comments?post=3990"}],"wp:featuredmedia":[{"embeddable":true,"href":"https:\/\/steklarna-rogaska.si\/ru\/wp-json\/wp\/v2\/media\/4039"}],"wp:attachment":[{"href":"https:\/\/steklarna-rogaska.si\/ru\/wp-json\/wp\/v2\/media?parent=3990"}],"wp:term":[{"taxonomy":"product_brand","embeddable":true,"href":"https:\/\/steklarna-rogaska.si\/ru\/wp-json\/wp\/v2\/product_brand?post=3990"},{"taxonomy":"product_cat","embeddable":true,"href":"https:\/\/steklarna-rogaska.si\/ru\/wp-json\/wp\/v2\/product_cat?post=3990"},{"taxonomy":"product_tag","embeddable":true,"href":"https:\/\/steklarna-rogaska.si\/ru\/wp-json\/wp\/v2\/product_tag?post=3990"}],"curies":[{"name":"wp","href":"https:\/\/api.w.org\/{rel}","templated":true}]}}