{"id":3859,"date":"2019-12-28T09:26:54","date_gmt":"2019-12-28T09:26:54","guid":{"rendered":"https:\/\/steklarna-rogaska.si\/product\/import-placeholder-for-2340\/"},"modified":"2026-04-13T06:44:12","modified_gmt":"2026-04-13T06:44:12","slug":"shangri-la-centerpiece-35-cm","status":"publish","type":"product","link":"https:\/\/steklarna-rogaska.si\/ru\/product\/shangri-la-centerpiece-35-cm\/","title":{"rendered":"SKLEDA 33 CM &#8211; SHANGRI-LA &#8211; kos"},"content":{"rendered":"<p>vi\u0161ina = 115 mm<br \/>\n\u0161irina = 347 mm<br \/>\nte\u017ea = 6,2 kg<\/p>\n","protected":false},"excerpt":{"rendered":"<p>vi\u0161ina = 115 mm \u0161irina = 347 mm te\u017ea = 6,2 kg<\/p>\n","protected":false},"featured_media":3916,"comment_status":"closed","ping_status":"open","template":"","meta":[],"product_brand":[],"product_cat":[916,920,919,946,947],"product_tag":[447,441,439,282],"class_list":{"0":"post-3859","1":"product","2":"type-product","3":"status-publish","4":"has-post-thumbnail","6":"product_cat-darilni-program-2","7":"product_cat-porocna-darila","8":"product_cat-poslovna-darila","9":"product_cat-sklede-2","10":"product_cat-sklede-za-sadje-2","11":"product_tag-kroznik-za-pecivo","12":"product_tag-porocna-darila","13":"product_tag-poroka","14":"product_tag-shangri-la","16":"first","17":"instock","18":"shipping-taxable","19":"purchasable","20":"product-type-simple"},"_links":{"self":[{"href":"https:\/\/steklarna-rogaska.si\/ru\/wp-json\/wp\/v2\/product\/3859","targetHints":{"allow":["GET"]}}],"collection":[{"href":"https:\/\/steklarna-rogaska.si\/ru\/wp-json\/wp\/v2\/product"}],"about":[{"href":"https:\/\/steklarna-rogaska.si\/ru\/wp-json\/wp\/v2\/types\/product"}],"replies":[{"embeddable":true,"href":"https:\/\/steklarna-rogaska.si\/ru\/wp-json\/wp\/v2\/comments?post=3859"}],"wp:featuredmedia":[{"embeddable":true,"href":"https:\/\/steklarna-rogaska.si\/ru\/wp-json\/wp\/v2\/media\/3916"}],"wp:attachment":[{"href":"https:\/\/steklarna-rogaska.si\/ru\/wp-json\/wp\/v2\/media?parent=3859"}],"wp:term":[{"taxonomy":"product_brand","embeddable":true,"href":"https:\/\/steklarna-rogaska.si\/ru\/wp-json\/wp\/v2\/product_brand?post=3859"},{"taxonomy":"product_cat","embeddable":true,"href":"https:\/\/steklarna-rogaska.si\/ru\/wp-json\/wp\/v2\/product_cat?post=3859"},{"taxonomy":"product_tag","embeddable":true,"href":"https:\/\/steklarna-rogaska.si\/ru\/wp-json\/wp\/v2\/product_tag?post=3859"}],"curies":[{"name":"wp","href":"https:\/\/api.w.org\/{rel}","templated":true}]}}