{"id":3850,"date":"2019-12-28T09:26:54","date_gmt":"2019-12-28T09:26:54","guid":{"rendered":"https:\/\/steklarna-rogaska.si\/product\/import-placeholder-for-2315\/"},"modified":"2026-04-13T06:58:03","modified_gmt":"2026-04-13T06:58:03","slug":"prism-vase-27-cm","status":"publish","type":"product","link":"https:\/\/steklarna-rogaska.si\/ru\/product\/prism-vase-27-cm\/","title":{"rendered":"VAZA 27 CM &#8211; PRISM &#8211; kos"},"content":{"rendered":"<p>vi\u0161ina = 270 mm<br \/>\n\u0161irina = 159 mm<br \/>\nte\u017ea = 4.5 kg<\/p>\n","protected":false},"excerpt":{"rendered":"<p>vi\u0161ina = 270 mm \u0161irina = 159 mm te\u017ea = 4.5 kg<\/p>\n","protected":false},"featured_media":3898,"comment_status":"closed","ping_status":"closed","template":"","meta":[],"product_brand":[],"product_cat":[950],"product_tag":[441,439,442,281],"class_list":{"0":"post-3850","1":"product","2":"type-product","3":"status-publish","4":"has-post-thumbnail","6":"product_cat-vaza","7":"product_tag-porocna-darila","8":"product_tag-poroka","9":"product_tag-praznicna-darila","10":"product_tag-prism","12":"first","13":"instock","14":"shipping-taxable","15":"purchasable","16":"product-type-simple"},"_links":{"self":[{"href":"https:\/\/steklarna-rogaska.si\/ru\/wp-json\/wp\/v2\/product\/3850","targetHints":{"allow":["GET"]}}],"collection":[{"href":"https:\/\/steklarna-rogaska.si\/ru\/wp-json\/wp\/v2\/product"}],"about":[{"href":"https:\/\/steklarna-rogaska.si\/ru\/wp-json\/wp\/v2\/types\/product"}],"replies":[{"embeddable":true,"href":"https:\/\/steklarna-rogaska.si\/ru\/wp-json\/wp\/v2\/comments?post=3850"}],"wp:featuredmedia":[{"embeddable":true,"href":"https:\/\/steklarna-rogaska.si\/ru\/wp-json\/wp\/v2\/media\/3898"}],"wp:attachment":[{"href":"https:\/\/steklarna-rogaska.si\/ru\/wp-json\/wp\/v2\/media?parent=3850"}],"wp:term":[{"taxonomy":"product_brand","embeddable":true,"href":"https:\/\/steklarna-rogaska.si\/ru\/wp-json\/wp\/v2\/product_brand?post=3850"},{"taxonomy":"product_cat","embeddable":true,"href":"https:\/\/steklarna-rogaska.si\/ru\/wp-json\/wp\/v2\/product_cat?post=3850"},{"taxonomy":"product_tag","embeddable":true,"href":"https:\/\/steklarna-rogaska.si\/ru\/wp-json\/wp\/v2\/product_tag?post=3850"}],"curies":[{"name":"wp","href":"https:\/\/api.w.org\/{rel}","templated":true}]}}