{"id":3833,"date":"2019-12-28T09:26:29","date_gmt":"2019-12-28T09:26:29","guid":{"rendered":"https:\/\/steklarna-rogaska.si\/product\/import-placeholder-for-2307\/"},"modified":"2026-04-13T07:03:20","modified_gmt":"2026-04-13T07:03:20","slug":"prism-platter-20-cm","status":"publish","type":"product","link":"https:\/\/steklarna-rogaska.si\/ru\/product\/prism-platter-20-cm\/","title":{"rendered":"KRO\u017dNIK 20 CM &#8211; PRISM &#8211; kos"},"content":{"rendered":"<p>vi\u0161ina = 22 mm<br \/>\n\u0161irina = 194 mm<br \/>\nte\u017ea = 0,6 kg<\/p>\n","protected":false},"excerpt":{"rendered":"<p>vi\u0161ina = 22 mm \u0161irina = 194 mm te\u017ea = 0,6 kg<\/p>\n","protected":false},"featured_media":3882,"comment_status":"closed","ping_status":"closed","template":"","meta":[],"product_brand":[],"product_cat":[916,921,923,920,919,996,942,943],"product_tag":[441,439,442,281,500],"class_list":{"0":"post-3833","1":"product","2":"type-product","3":"status-publish","4":"has-post-thumbnail","6":"product_cat-darilni-program-2","7":"product_cat-darila-zanjo","8":"product_cat-drobne-pozornosti","9":"product_cat-porocna-darila","10":"product_cat-poslovna-darila","11":"product_cat-praznicna-ponudba","12":"product_cat-krozniki-in-pladnji","13":"product_cat-krozniki","14":"product_tag-porocna-darila","15":"product_tag-poroka","16":"product_tag-praznicna-darila","17":"product_tag-prism","18":"product_tag-za-drobno-pecivo","20":"first","21":"instock","22":"shipping-taxable","23":"purchasable","24":"product-type-simple"},"_links":{"self":[{"href":"https:\/\/steklarna-rogaska.si\/ru\/wp-json\/wp\/v2\/product\/3833","targetHints":{"allow":["GET"]}}],"collection":[{"href":"https:\/\/steklarna-rogaska.si\/ru\/wp-json\/wp\/v2\/product"}],"about":[{"href":"https:\/\/steklarna-rogaska.si\/ru\/wp-json\/wp\/v2\/types\/product"}],"replies":[{"embeddable":true,"href":"https:\/\/steklarna-rogaska.si\/ru\/wp-json\/wp\/v2\/comments?post=3833"}],"wp:featuredmedia":[{"embeddable":true,"href":"https:\/\/steklarna-rogaska.si\/ru\/wp-json\/wp\/v2\/media\/3882"}],"wp:attachment":[{"href":"https:\/\/steklarna-rogaska.si\/ru\/wp-json\/wp\/v2\/media?parent=3833"}],"wp:term":[{"taxonomy":"product_brand","embeddable":true,"href":"https:\/\/steklarna-rogaska.si\/ru\/wp-json\/wp\/v2\/product_brand?post=3833"},{"taxonomy":"product_cat","embeddable":true,"href":"https:\/\/steklarna-rogaska.si\/ru\/wp-json\/wp\/v2\/product_cat?post=3833"},{"taxonomy":"product_tag","embeddable":true,"href":"https:\/\/steklarna-rogaska.si\/ru\/wp-json\/wp\/v2\/product_tag?post=3833"}],"curies":[{"name":"wp","href":"https:\/\/api.w.org\/{rel}","templated":true}]}}