{"id":3800,"date":"2019-12-28T09:25:46","date_gmt":"2019-12-28T09:25:46","guid":{"rendered":"https:\/\/steklarna-rogaska.si\/product\/import-placeholder-for-2282\/"},"modified":"2024-06-10T09:17:57","modified_gmt":"2024-06-10T09:17:57","slug":"charity-clear","status":"publish","type":"product","link":"https:\/\/steklarna-rogaska.si\/ru\/product\/charity-clear\/","title":{"rendered":"VAZA 34 CM &#8211; CHARITY &#8211; kos"},"content":{"rendered":"<p>vi\u0161ina = 344 mm<br \/>\n\u0161irina = 212 mm<br \/>\nte\u017ea = 7,0 kg<\/p>\n","protected":false},"excerpt":{"rendered":"<p>vi\u0161ina = 344 mm \u0161irina = 212 mm te\u017ea = 7,0 kg<\/p>\n","protected":false},"featured_media":3848,"comment_status":"closed","ping_status":"open","template":"","meta":[],"product_brand":[],"product_cat":[916,917,950],"product_tag":[487,507],"class_list":{"0":"post-3800","1":"product","2":"type-product","3":"status-publish","4":"has-post-thumbnail","6":"product_cat-darilni-program-2","7":"product_cat-unikatna-darila","8":"product_cat-vaza","9":"product_tag-barvni-kristal","10":"product_tag-signature-charity","12":"first","13":"outofstock","14":"shipping-taxable","15":"purchasable","16":"product-type-simple"},"_links":{"self":[{"href":"https:\/\/steklarna-rogaska.si\/ru\/wp-json\/wp\/v2\/product\/3800","targetHints":{"allow":["GET"]}}],"collection":[{"href":"https:\/\/steklarna-rogaska.si\/ru\/wp-json\/wp\/v2\/product"}],"about":[{"href":"https:\/\/steklarna-rogaska.si\/ru\/wp-json\/wp\/v2\/types\/product"}],"replies":[{"embeddable":true,"href":"https:\/\/steklarna-rogaska.si\/ru\/wp-json\/wp\/v2\/comments?post=3800"}],"wp:featuredmedia":[{"embeddable":true,"href":"https:\/\/steklarna-rogaska.si\/ru\/wp-json\/wp\/v2\/media\/3848"}],"wp:attachment":[{"href":"https:\/\/steklarna-rogaska.si\/ru\/wp-json\/wp\/v2\/media?parent=3800"}],"wp:term":[{"taxonomy":"product_brand","embeddable":true,"href":"https:\/\/steklarna-rogaska.si\/ru\/wp-json\/wp\/v2\/product_brand?post=3800"},{"taxonomy":"product_cat","embeddable":true,"href":"https:\/\/steklarna-rogaska.si\/ru\/wp-json\/wp\/v2\/product_cat?post=3800"},{"taxonomy":"product_tag","embeddable":true,"href":"https:\/\/steklarna-rogaska.si\/ru\/wp-json\/wp\/v2\/product_tag?post=3800"}],"curies":[{"name":"wp","href":"https:\/\/api.w.org\/{rel}","templated":true}]}}