{"id":3776,"date":"2019-12-28T09:25:23","date_gmt":"2019-12-28T09:25:23","guid":{"rendered":"https:\/\/steklarna-rogaska.si\/product\/import-placeholder-for-2241\/"},"modified":"2026-04-14T05:24:14","modified_gmt":"2026-04-14T05:24:14","slug":"magic-night-gold-vase-26-cm","status":"publish","type":"product","link":"https:\/\/steklarna-rogaska.si\/ru\/product\/magic-night-gold-vase-26-cm\/","title":{"rendered":"VAZA 25 CM &#8211; MAGIC NIGHT GOLD &#8211; kos"},"content":{"rendered":"<p>vi\u0161ina = 256 mm<br \/>\n\u0161irina = 212 mm<br \/>\nte\u017ea = 4,2 kg<\/p>\n","protected":false},"excerpt":{"rendered":"<p>vi\u0161ina = 256 mm \u0161irina = 212 mm te\u017ea = 4,2 kg<\/p>\n","protected":false},"featured_media":3824,"comment_status":"closed","ping_status":"open","template":"","meta":[],"product_brand":[],"product_cat":[950],"product_tag":[],"class_list":{"0":"post-3776","1":"product","2":"type-product","3":"status-publish","4":"has-post-thumbnail","6":"product_cat-vaza","8":"first","9":"instock","10":"shipping-taxable","11":"purchasable","12":"product-type-simple"},"_links":{"self":[{"href":"https:\/\/steklarna-rogaska.si\/ru\/wp-json\/wp\/v2\/product\/3776","targetHints":{"allow":["GET"]}}],"collection":[{"href":"https:\/\/steklarna-rogaska.si\/ru\/wp-json\/wp\/v2\/product"}],"about":[{"href":"https:\/\/steklarna-rogaska.si\/ru\/wp-json\/wp\/v2\/types\/product"}],"replies":[{"embeddable":true,"href":"https:\/\/steklarna-rogaska.si\/ru\/wp-json\/wp\/v2\/comments?post=3776"}],"wp:featuredmedia":[{"embeddable":true,"href":"https:\/\/steklarna-rogaska.si\/ru\/wp-json\/wp\/v2\/media\/3824"}],"wp:attachment":[{"href":"https:\/\/steklarna-rogaska.si\/ru\/wp-json\/wp\/v2\/media?parent=3776"}],"wp:term":[{"taxonomy":"product_brand","embeddable":true,"href":"https:\/\/steklarna-rogaska.si\/ru\/wp-json\/wp\/v2\/product_brand?post=3776"},{"taxonomy":"product_cat","embeddable":true,"href":"https:\/\/steklarna-rogaska.si\/ru\/wp-json\/wp\/v2\/product_cat?post=3776"},{"taxonomy":"product_tag","embeddable":true,"href":"https:\/\/steklarna-rogaska.si\/ru\/wp-json\/wp\/v2\/product_tag?post=3776"}],"curies":[{"name":"wp","href":"https:\/\/api.w.org\/{rel}","templated":true}]}}