{"id":3760,"date":"2019-12-28T09:25:00","date_gmt":"2019-12-28T09:25:00","guid":{"rendered":"https:\/\/steklarna-rogaska.si\/product\/import-placeholder-for-2227\/"},"modified":"2026-04-14T05:24:40","modified_gmt":"2026-04-14T05:24:40","slug":"gem-vase-30-cm","status":"publish","type":"product","link":"https:\/\/steklarna-rogaska.si\/ru\/product\/gem-vase-30-cm\/","title":{"rendered":"VAZA 30 CM &#8211; GEM &#8211; kos"},"content":{"rendered":"<p>vi\u0161ina = 300 mm<br \/>\n\u0161irina = 190 mm<br \/>\nte\u017ea = 5,2 kg<\/p>\n","protected":false},"excerpt":{"rendered":"<p>Lahko bi rekli, da je vsak kristalen izdelek Steklarne Roga\u0161ka dragulj &#8211; ohranja namre\u010d svojo vrednost in jo skozi generacije celo plemeniti. Vemo, da hrani in obuja na\u0161e dragocene spomine in podobno je tudi s serijo GEM. Serija, ki bo ostala lepa in &#8220;chic&#8221; \u0161e mnoga leta.<\/p>\n","protected":false},"featured_media":3808,"comment_status":"closed","ping_status":"open","template":"","meta":[],"product_brand":[],"product_cat":[950],"product_tag":[417,441,439,442],"class_list":{"0":"post-3760","1":"product","2":"type-product","3":"status-publish","4":"has-post-thumbnail","6":"product_cat-vaza","7":"product_tag-gem","8":"product_tag-porocna-darila","9":"product_tag-poroka","10":"product_tag-praznicna-darila","12":"first","13":"instock","14":"shipping-taxable","15":"purchasable","16":"product-type-simple"},"_links":{"self":[{"href":"https:\/\/steklarna-rogaska.si\/ru\/wp-json\/wp\/v2\/product\/3760","targetHints":{"allow":["GET"]}}],"collection":[{"href":"https:\/\/steklarna-rogaska.si\/ru\/wp-json\/wp\/v2\/product"}],"about":[{"href":"https:\/\/steklarna-rogaska.si\/ru\/wp-json\/wp\/v2\/types\/product"}],"replies":[{"embeddable":true,"href":"https:\/\/steklarna-rogaska.si\/ru\/wp-json\/wp\/v2\/comments?post=3760"}],"wp:featuredmedia":[{"embeddable":true,"href":"https:\/\/steklarna-rogaska.si\/ru\/wp-json\/wp\/v2\/media\/3808"}],"wp:attachment":[{"href":"https:\/\/steklarna-rogaska.si\/ru\/wp-json\/wp\/v2\/media?parent=3760"}],"wp:term":[{"taxonomy":"product_brand","embeddable":true,"href":"https:\/\/steklarna-rogaska.si\/ru\/wp-json\/wp\/v2\/product_brand?post=3760"},{"taxonomy":"product_cat","embeddable":true,"href":"https:\/\/steklarna-rogaska.si\/ru\/wp-json\/wp\/v2\/product_cat?post=3760"},{"taxonomy":"product_tag","embeddable":true,"href":"https:\/\/steklarna-rogaska.si\/ru\/wp-json\/wp\/v2\/product_tag?post=3760"}],"curies":[{"name":"wp","href":"https:\/\/api.w.org\/{rel}","templated":true}]}}