{"id":3684,"date":"2019-12-28T09:23:27","date_gmt":"2019-12-28T09:23:27","guid":{"rendered":"https:\/\/steklarna-rogaska.si\/product\/import-placeholder-for-2134\/"},"modified":"2026-04-13T06:47:10","modified_gmt":"2026-04-13T06:47:10","slug":"crown-jewel-bowl-12-cm","status":"publish","type":"product","link":"https:\/\/steklarna-rogaska.si\/ru\/product\/crown-jewel-bowl-12-cm\/","title":{"rendered":"SKLEDA 12 CM &#8211; CROWN JEWEL &#8211; kos"},"content":{"rendered":"<p>vi\u0161ina = 70 mm<br \/>\n\u0161irina = 120 mm<br \/>\nte\u017ea = 0.5 kg<\/p>\n","protected":false},"excerpt":{"rendered":"<p>vi\u0161ina = 70 mm \u0161irina = 120 mm te\u017ea = 0.5 kg<\/p>\n","protected":false},"featured_media":3732,"comment_status":"closed","ping_status":"open","template":"","meta":[],"product_brand":[],"product_cat":[921,923,919,996,946,948],"product_tag":[384,441,442,1006],"class_list":{"0":"post-3684","1":"product","2":"type-product","3":"status-publish","4":"has-post-thumbnail","6":"product_cat-darila-zanjo","7":"product_cat-drobne-pozornosti","8":"product_cat-poslovna-darila","9":"product_cat-praznicna-ponudba","10":"product_cat-sklede-2","11":"product_cat-skleda-za-prigrizke","12":"product_tag-crown-jewel","13":"product_tag-porocna-darila","14":"product_tag-praznicna-darila","15":"product_tag-za-prigrizke","17":"first","18":"instock","19":"shipping-taxable","20":"purchasable","21":"product-type-simple"},"_links":{"self":[{"href":"https:\/\/steklarna-rogaska.si\/ru\/wp-json\/wp\/v2\/product\/3684","targetHints":{"allow":["GET"]}}],"collection":[{"href":"https:\/\/steklarna-rogaska.si\/ru\/wp-json\/wp\/v2\/product"}],"about":[{"href":"https:\/\/steklarna-rogaska.si\/ru\/wp-json\/wp\/v2\/types\/product"}],"replies":[{"embeddable":true,"href":"https:\/\/steklarna-rogaska.si\/ru\/wp-json\/wp\/v2\/comments?post=3684"}],"wp:featuredmedia":[{"embeddable":true,"href":"https:\/\/steklarna-rogaska.si\/ru\/wp-json\/wp\/v2\/media\/3732"}],"wp:attachment":[{"href":"https:\/\/steklarna-rogaska.si\/ru\/wp-json\/wp\/v2\/media?parent=3684"}],"wp:term":[{"taxonomy":"product_brand","embeddable":true,"href":"https:\/\/steklarna-rogaska.si\/ru\/wp-json\/wp\/v2\/product_brand?post=3684"},{"taxonomy":"product_cat","embeddable":true,"href":"https:\/\/steklarna-rogaska.si\/ru\/wp-json\/wp\/v2\/product_cat?post=3684"},{"taxonomy":"product_tag","embeddable":true,"href":"https:\/\/steklarna-rogaska.si\/ru\/wp-json\/wp\/v2\/product_tag?post=3684"}],"curies":[{"name":"wp","href":"https:\/\/api.w.org\/{rel}","templated":true}]}}