{"id":3671,"date":"2019-12-28T09:23:05","date_gmt":"2019-12-28T09:23:05","guid":{"rendered":"https:\/\/steklarna-rogaska.si\/product\/import-placeholder-for-2129\/"},"modified":"2026-04-14T05:24:40","modified_gmt":"2026-04-14T05:24:40","slug":"crown-jewel-footed-rectangular-platter-35-cm","status":"publish","type":"product","link":"https:\/\/steklarna-rogaska.si\/ru\/product\/crown-jewel-footed-rectangular-platter-35-cm\/","title":{"rendered":"KRO\u017dNIK PRAVOKOTNI 35 X 19 CM NA PODSTAVKU &#8211; CROWN JEWEL &#8211; kos"},"content":{"rendered":"<p>vi\u0161ina=157 mm<\/p>\n<p>\u0161irina= 350 mm<\/p>\n<p>te\u017ea= 3,6 kg<\/p>\n","protected":false},"excerpt":{"rendered":"<p>vi\u0161ina=157 mm \u0161irina= 350 mm te\u017ea= 3,6 kg<\/p>\n","protected":false},"featured_media":3728,"comment_status":"closed","ping_status":"open","template":"","meta":[],"product_brand":[],"product_cat":[916,920,919,996,942,944],"product_tag":[384,1011,1009,1008,1010,991],"class_list":{"0":"post-3671","1":"product","2":"type-product","3":"status-publish","4":"has-post-thumbnail","6":"product_cat-darilni-program-2","7":"product_cat-porocna-darila","8":"product_cat-poslovna-darila","9":"product_cat-praznicna-ponudba","10":"product_cat-krozniki-in-pladnji","11":"product_cat-pladnji","12":"product_tag-crown-jewel","13":"product_tag-darilo-za-poroko","14":"product_tag-kristalni-padenj","15":"product_tag-pladenj","16":"product_tag-pladenj-za-pecivo","17":"product_tag-porocno-darilo","19":"first","20":"instock","21":"shipping-taxable","22":"purchasable","23":"product-type-simple"},"_links":{"self":[{"href":"https:\/\/steklarna-rogaska.si\/ru\/wp-json\/wp\/v2\/product\/3671","targetHints":{"allow":["GET"]}}],"collection":[{"href":"https:\/\/steklarna-rogaska.si\/ru\/wp-json\/wp\/v2\/product"}],"about":[{"href":"https:\/\/steklarna-rogaska.si\/ru\/wp-json\/wp\/v2\/types\/product"}],"replies":[{"embeddable":true,"href":"https:\/\/steklarna-rogaska.si\/ru\/wp-json\/wp\/v2\/comments?post=3671"}],"wp:featuredmedia":[{"embeddable":true,"href":"https:\/\/steklarna-rogaska.si\/ru\/wp-json\/wp\/v2\/media\/3728"}],"wp:attachment":[{"href":"https:\/\/steklarna-rogaska.si\/ru\/wp-json\/wp\/v2\/media?parent=3671"}],"wp:term":[{"taxonomy":"product_brand","embeddable":true,"href":"https:\/\/steklarna-rogaska.si\/ru\/wp-json\/wp\/v2\/product_brand?post=3671"},{"taxonomy":"product_cat","embeddable":true,"href":"https:\/\/steklarna-rogaska.si\/ru\/wp-json\/wp\/v2\/product_cat?post=3671"},{"taxonomy":"product_tag","embeddable":true,"href":"https:\/\/steklarna-rogaska.si\/ru\/wp-json\/wp\/v2\/product_tag?post=3671"}],"curies":[{"name":"wp","href":"https:\/\/api.w.org\/{rel}","templated":true}]}}