{"id":3664,"date":"2019-12-28T09:23:05","date_gmt":"2019-12-28T09:23:05","guid":{"rendered":"https:\/\/steklarna-rogaska.si\/product\/import-placeholder-for-2122\/"},"modified":"2026-04-14T05:24:41","modified_gmt":"2026-04-14T05:24:41","slug":"crown-jewel-bowl-23-cm","status":"publish","type":"product","link":"https:\/\/steklarna-rogaska.si\/ru\/product\/crown-jewel-bowl-23-cm\/","title":{"rendered":"SKLEDA 23 CM &#8211; CROWN JEWEL &#8211; kos"},"content":{"rendered":"<p>vi\u0161ina= 135 mm<\/p>\n<p>\u0161irina= 227 mm<\/p>\n<p>te\u017ea= 3,8 kg<\/p>\n","protected":false},"excerpt":{"rendered":"<p>vi\u0161ina= 135 mm \u0161irina= 227 mm te\u017ea= 3,8 kg<\/p>\n","protected":false},"featured_media":3712,"comment_status":"closed","ping_status":"open","template":"","meta":[],"product_brand":[],"product_cat":[946,947],"product_tag":[384,441,439,442],"class_list":{"0":"post-3664","1":"product","2":"type-product","3":"status-publish","4":"has-post-thumbnail","6":"product_cat-sklede-2","7":"product_cat-sklede-za-sadje-2","8":"product_tag-crown-jewel","9":"product_tag-porocna-darila","10":"product_tag-poroka","11":"product_tag-praznicna-darila","13":"first","14":"instock","15":"shipping-taxable","16":"purchasable","17":"product-type-simple"},"_links":{"self":[{"href":"https:\/\/steklarna-rogaska.si\/ru\/wp-json\/wp\/v2\/product\/3664","targetHints":{"allow":["GET"]}}],"collection":[{"href":"https:\/\/steklarna-rogaska.si\/ru\/wp-json\/wp\/v2\/product"}],"about":[{"href":"https:\/\/steklarna-rogaska.si\/ru\/wp-json\/wp\/v2\/types\/product"}],"replies":[{"embeddable":true,"href":"https:\/\/steklarna-rogaska.si\/ru\/wp-json\/wp\/v2\/comments?post=3664"}],"wp:featuredmedia":[{"embeddable":true,"href":"https:\/\/steklarna-rogaska.si\/ru\/wp-json\/wp\/v2\/media\/3712"}],"wp:attachment":[{"href":"https:\/\/steklarna-rogaska.si\/ru\/wp-json\/wp\/v2\/media?parent=3664"}],"wp:term":[{"taxonomy":"product_brand","embeddable":true,"href":"https:\/\/steklarna-rogaska.si\/ru\/wp-json\/wp\/v2\/product_brand?post=3664"},{"taxonomy":"product_cat","embeddable":true,"href":"https:\/\/steklarna-rogaska.si\/ru\/wp-json\/wp\/v2\/product_cat?post=3664"},{"taxonomy":"product_tag","embeddable":true,"href":"https:\/\/steklarna-rogaska.si\/ru\/wp-json\/wp\/v2\/product_tag?post=3664"}],"curies":[{"name":"wp","href":"https:\/\/api.w.org\/{rel}","templated":true}]}}