{"id":3595,"date":"2019-12-28T09:21:36","date_gmt":"2019-12-28T09:21:36","guid":{"rendered":"https:\/\/steklarna-rogaska.si\/product\/import-placeholder-for-2047\/"},"modified":"2026-04-21T05:02:03","modified_gmt":"2026-04-21T05:02:03","slug":"bakhos-bowl-15-cm","status":"publish","type":"product","link":"https:\/\/steklarna-rogaska.si\/ru\/product\/bakhos-bowl-15-cm\/","title":{"rendered":"SKLEDA 15 CM &#8211; BAKHOS &#8211; kos"},"content":{"rendered":"<p>vi\u0161ina = 83 mm<br \/>\n\u0161irina = 150 mm<br \/>\nte\u017ea = 1.0 kg<\/p>\n","protected":false},"excerpt":{"rendered":"<p>vi\u0161ina = 83 mm \u0161irina = 150 mm te\u017ea = 1.0 kg<\/p>\n","protected":false},"featured_media":3654,"comment_status":"closed","ping_status":"closed","template":"","meta":[],"product_brand":[],"product_cat":[916,919,917,918,946,948,947],"product_tag":[362,449,469],"class_list":{"0":"post-3595","1":"product","2":"type-product","3":"status-publish","4":"has-post-thumbnail","6":"product_cat-darilni-program-2","7":"product_cat-poslovna-darila","8":"product_cat-unikatna-darila","9":"product_cat-vecna-klasika-2","10":"product_cat-sklede-2","11":"product_cat-skleda-za-prigrizke","12":"product_cat-sklede-za-sadje-2","13":"product_tag-bakhos","14":"product_tag-klasika","15":"product_tag-posebne-priloznosti","17":"first","18":"instock","19":"shipping-taxable","20":"purchasable","21":"product-type-simple"},"_links":{"self":[{"href":"https:\/\/steklarna-rogaska.si\/ru\/wp-json\/wp\/v2\/product\/3595","targetHints":{"allow":["GET"]}}],"collection":[{"href":"https:\/\/steklarna-rogaska.si\/ru\/wp-json\/wp\/v2\/product"}],"about":[{"href":"https:\/\/steklarna-rogaska.si\/ru\/wp-json\/wp\/v2\/types\/product"}],"replies":[{"embeddable":true,"href":"https:\/\/steklarna-rogaska.si\/ru\/wp-json\/wp\/v2\/comments?post=3595"}],"wp:featuredmedia":[{"embeddable":true,"href":"https:\/\/steklarna-rogaska.si\/ru\/wp-json\/wp\/v2\/media\/3654"}],"wp:attachment":[{"href":"https:\/\/steklarna-rogaska.si\/ru\/wp-json\/wp\/v2\/media?parent=3595"}],"wp:term":[{"taxonomy":"product_brand","embeddable":true,"href":"https:\/\/steklarna-rogaska.si\/ru\/wp-json\/wp\/v2\/product_brand?post=3595"},{"taxonomy":"product_cat","embeddable":true,"href":"https:\/\/steklarna-rogaska.si\/ru\/wp-json\/wp\/v2\/product_cat?post=3595"},{"taxonomy":"product_tag","embeddable":true,"href":"https:\/\/steklarna-rogaska.si\/ru\/wp-json\/wp\/v2\/product_tag?post=3595"}],"curies":[{"name":"wp","href":"https:\/\/api.w.org\/{rel}","templated":true}]}}